{"id":24039,"date":"2024-02-23T16:34:52","date_gmt":"2024-02-23T13:34:52","guid":{"rendered":"https:\/\/episkopos.mbegetter.com\/?page_id=24039"},"modified":"2025-07-19T15:10:40","modified_gmt":"2025-07-19T12:10:40","slug":"caritas-istanbul","status":"publish","type":"page","link":"https:\/\/latinkatolikkilisesiistanbul.com\/en\/events-2\/caritas-istanbul\/","title":{"rendered":"Caritas Istanbul"},"content":{"rendered":"<div data-elementor-type=\"wp-page\" data-elementor-id=\"24039\" class=\"elementor elementor-24039\">\n\t\t\t\t\t\t<div class=\"elementor-inner\">\n\t\t\t\t<div class=\"elementor-section-wrap\">\n\t\t\t\t\t\t\t\t\t<section class=\"elementor-section elementor-top-section elementor-element elementor-element-edb8c26 elementor-section-boxed elementor-section-height-default elementor-section-height-default sc_fly_static\" data-id=\"edb8c26\" data-element_type=\"section\">\n\t\t\t\t\t\t<div class=\"elementor-container elementor-column-gap-extended\">\n\t\t\t\t\t\t\t<div class=\"elementor-row\">\n\t\t\t\t\t<div class=\"elementor-column elementor-col-50 elementor-top-column elementor-element elementor-element-2c83037 sc_inner_width_none sc_content_align_inherit sc_layouts_column_icons_position_left sc_fly_static\" data-id=\"2c83037\" data-element_type=\"column\">\n\t\t\t<div class=\"elementor-column-wrap elementor-element-populated\">\n\t\t\t\t\t\t\t<div class=\"elementor-widget-wrap\">\n\t\t\t\t\t\t<div class=\"elementor-element elementor-element-941fe65 sc_fly_static elementor-widget elementor-widget-image\" data-id=\"941fe65\" data-element_type=\"widget\" data-widget_type=\"image.default\">\n\t\t\t\t<div class=\"elementor-widget-container\">\n\t\t\t\t\t\t\t\t<div class=\"elementor-image\">\n\t\t\t\t\t\t\t\t\t\t\t\t<img loading=\"lazy\" decoding=\"async\" width=\"1024\" height=\"602\" src=\"https:\/\/latinkatolikkilisesiistanbul.com\/wp-content\/uploads\/2025\/07\/Caritas-no-background-1-1024x602.png\" class=\"attachment-large size-large wp-image-24756\" alt=\"\" srcset=\"https:\/\/latinkatolikkilisesiistanbul.com\/wp-content\/uploads\/2025\/07\/Caritas-no-background-1-1024x602.png 1024w, https:\/\/latinkatolikkilisesiistanbul.com\/wp-content\/uploads\/2025\/07\/Caritas-no-background-1-300x176.png 300w, https:\/\/latinkatolikkilisesiistanbul.com\/wp-content\/uploads\/2025\/07\/Caritas-no-background-1-768x452.png 768w, https:\/\/latinkatolikkilisesiistanbul.com\/wp-content\/uploads\/2025\/07\/Caritas-no-background-1-18x12.png 18w, https:\/\/latinkatolikkilisesiistanbul.com\/wp-content\/uploads\/2025\/07\/Caritas-no-background-1-370x218.png 370w, https:\/\/latinkatolikkilisesiistanbul.com\/wp-content\/uploads\/2025\/07\/Caritas-no-background-1-840x494.png 840w, https:\/\/latinkatolikkilisesiistanbul.com\/wp-content\/uploads\/2025\/07\/Caritas-no-background-1-410x241.png 410w, https:\/\/latinkatolikkilisesiistanbul.com\/wp-content\/uploads\/2025\/07\/Caritas-no-background-1.png 1506w\" sizes=\"auto, (max-width: 1024px) 100vw, 1024px\" \/>\t\t\t\t\t\t\t\t\t\t\t\t\t\t<\/div>\n\t\t\t\t\t\t<\/div>\n\t\t\t\t<\/div>\n\t\t\t\t\t\t<\/div>\n\t\t\t\t\t<\/div>\n\t\t<\/div>\n\t\t\t\t<div class=\"elementor-column elementor-col-50 elementor-top-column elementor-element elementor-element-20b20ce sc_inner_width_none sc_content_align_inherit sc_layouts_column_icons_position_left sc_fly_static\" data-id=\"20b20ce\" data-element_type=\"column\">\n\t\t\t<div class=\"elementor-column-wrap\">\n\t\t\t\t\t\t\t<div class=\"elementor-widget-wrap\">\n\t\t\t\t\t\t\t\t<\/div>\n\t\t\t\t\t<\/div>\n\t\t<\/div>\n\t\t\t\t\t\t\t\t<\/div>\n\t\t\t\t\t<\/div>\n\t\t<\/section>\n\t\t\t\t<section class=\"elementor-section elementor-top-section elementor-element elementor-element-52782bd elementor-section-boxed elementor-section-height-default elementor-section-height-default sc_fly_static\" data-id=\"52782bd\" data-element_type=\"section\">\n\t\t\t\t\t\t<div class=\"elementor-container elementor-column-gap-extended\">\n\t\t\t\t\t\t\t<div class=\"elementor-row\">\n\t\t\t\t\t<div class=\"elementor-column elementor-col-100 elementor-top-column elementor-element elementor-element-6c412b9 sc_inner_width_none sc_content_align_inherit sc_layouts_column_icons_position_left sc_fly_static\" data-id=\"6c412b9\" data-element_type=\"column\">\n\t\t\t<div class=\"elementor-column-wrap elementor-element-populated\">\n\t\t\t\t\t\t\t<div class=\"elementor-widget-wrap\">\n\t\t\t\t\t\t<div class=\"elementor-element elementor-element-7d2300c sc_fly_static elementor-widget elementor-widget-trx_sc_icons\" data-id=\"7d2300c\" data-element_type=\"widget\" data-widget_type=\"trx_sc_icons.default\">\n\t\t\t\t<div class=\"elementor-widget-container\">\n\t\t\t<div \tclass=\"sc_icons sc_icons_alter sc_icons_size_large sc_align_left\" ><div class=\"sc_icons_columns_wrap sc_item_columns trx_addons_columns_wrap columns_padding_bottom columns_in_single_row\" ><div class=\"trx_addons_column-1_4\"><div class=\"sc_icons_item with_more\"><div class=\"sc_icons_icon sc_icon_type_ icon-map\" style=\"color: #F2E8E6\" ><span class=\"sc_icon_type_ icon-map\" style=\"color: #F2E8E6\"><\/span><\/div><div class=\"sc_icons_item_details\"><h4 class=\"sc_icons_item_title\"><span>Address<\/span><\/h4><div class=\"sc_icons_item_description\"><span>Inonu Mah. Harbiye \u00c7ay\u0131r\u0131 Sokak No.: 66, 34373 Sisli\/Istanbul<\/span><\/div><\/div><\/div><\/div><div class=\"trx_addons_column-1_4\"><div class=\"sc_icons_item with_more\"><div class=\"sc_icons_icon sc_icon_type_ icon-phone-call\" style=\"color: #F2E8E6\" ><span class=\"sc_icon_type_ icon-phone-call\" style=\"color: #F2E8E6\"><\/span><\/div><div class=\"sc_icons_item_details\"><h4 class=\"sc_icons_item_title\"><span>Telephone<\/span><\/h4><div class=\"sc_icons_item_description\"><span>+905362517818<\/span><span>(WhatsApp)<\/span><\/div><\/div><\/div><\/div><div class=\"trx_addons_column-1_4\"><div class=\"sc_icons_item\"><div class=\"sc_icons_icon sc_icon_type_ icon-resume\" style=\"color: #F2E8E6\" ><span class=\"sc_icon_type_ icon-resume\" style=\"color: #F2E8E6\"><\/span><\/div><div class=\"sc_icons_item_details\"><h4 class=\"sc_icons_item_title\"><span>Director<\/span><\/h4><div class=\"sc_icons_item_description\"><span>Br. Milad Yacoub, volunteer<\/span><\/div><\/div><\/div><\/div><div class=\"trx_addons_column-1_4\"><div class=\"sc_icons_item\"><div class=\"sc_icons_icon sc_icon_type_ icon-resume\" style=\"color: #F2E8E6\" ><span class=\"sc_icon_type_ icon-resume\" style=\"color: #F2E8E6\"><\/span><\/div><div class=\"sc_icons_item_details\"><h4 class=\"sc_icons_item_title\"><span>E-Mail<\/span><\/h4><div class=\"sc_icons_item_description\"><span>cilisteningcenter@gmail.com<\/span><\/div><\/div><\/div><\/div><\/div><\/div><!-- \/.sc_icons -->\t\t<\/div>\n\t\t\t\t<\/div>\n\t\t\t\t\t\t<\/div>\n\t\t\t\t\t<\/div>\n\t\t<\/div>\n\t\t\t\t\t\t\t\t<\/div>\n\t\t\t\t\t<\/div>\n\t\t<\/section>\n\t\t\t\t<section class=\"elementor-section elementor-top-section elementor-element elementor-element-b7aa11f elementor-section-boxed elementor-section-height-default elementor-section-height-default sc_fly_static\" data-id=\"b7aa11f\" data-element_type=\"section\">\n\t\t\t\t\t\t<div class=\"elementor-container elementor-column-gap-extended\">\n\t\t\t\t\t\t\t<div class=\"elementor-row\">\n\t\t\t\t\t<div class=\"elementor-column elementor-col-50 elementor-top-column elementor-element elementor-element-695d4cb sc_inner_width_none sc_content_align_inherit sc_layouts_column_icons_position_left sc_fly_static\" data-id=\"695d4cb\" data-element_type=\"column\">\n\t\t\t<div class=\"elementor-column-wrap elementor-element-populated\">\n\t\t\t\t\t\t\t<div class=\"elementor-widget-wrap\">\n\t\t\t\t\t\t<div class=\"elementor-element elementor-element-8cebf65 sc_fly_static elementor-widget elementor-widget-text-editor\" data-id=\"8cebf65\" data-element_type=\"widget\" data-widget_type=\"text-editor.default\">\n\t\t\t\t<div class=\"elementor-widget-container\">\n\t\t\t\t\t\t\t\t<div class=\"elementor-text-editor elementor-clearfix\">\n\t\t\t\t<div>Since 2018, New Caritas Istanbul, as a branch of Caritas Turkey, has been providing services in the fields of emergency aid, health, education, social cohesion and employment to people in distress, without discrimination. Caritas Istanbul works in collaboration with other Caritas members to carry out humanitarian work.<\/div><div>\u00a0<\/div><div>Caritas Istanbul's main areas of work are as follows:<\/div><div>\u00a0<\/div><ul><li>Emergency social assistance to disadvantaged people in difficult situations<\/li><li>Emergency humanitarian support for disaster victims<\/li><li>Shelter assistance (women's shelter)<\/li><li>Clothes bank<\/li><li>Refugee support<\/li><li>Support for the elderly and disabled<\/li><li>Education support<\/li><li>Support for social and emotional development<\/li><li>Volunteering program<\/li><li>Mother support program<\/li><li>Vocational training and microfinance<\/li><\/ul>\t\t\t\t\t<\/div>\n\t\t\t\t\t\t<\/div>\n\t\t\t\t<\/div>\n\t\t\t\t\t\t<\/div>\n\t\t\t\t\t<\/div>\n\t\t<\/div>\n\t\t\t\t<div class=\"elementor-column elementor-col-50 elementor-top-column elementor-element elementor-element-a3d6636 sc_inner_width_none sc_content_align_inherit sc_layouts_column_icons_position_left sc_fly_static\" data-id=\"a3d6636\" data-element_type=\"column\">\n\t\t\t<div class=\"elementor-column-wrap elementor-element-populated\">\n\t\t\t\t\t\t\t<div class=\"elementor-widget-wrap\">\n\t\t\t\t\t\t<div class=\"elementor-element elementor-element-2449d90 elementor-icon-list--layout-traditional elementor-list-item-link-full_width sc_fly_static elementor-widget elementor-widget-icon-list\" data-id=\"2449d90\" data-element_type=\"widget\" data-widget_type=\"icon-list.default\">\n\t\t\t\t<div class=\"elementor-widget-container\">\n\t\t\t\t\t<ul class=\"elementor-icon-list-items\">\n\t\t\t\t\t\t\t<li class=\"elementor-icon-list-item\">\n\t\t\t\t\t\t\t\t\t\t\t<a href=\"https:\/\/latinkatolikkilisesiistanbul.com\/wp-content\/uploads\/2024\/03\/Caritas-Istanbul-Clothing-Donation-Brochure.pdf\">\n\n\t\t\t\t\t\t\t\t\t\t\t\t<span class=\"elementor-icon-list-icon\">\n\t\t\t\t\t\t\t<i aria-hidden=\"true\" class=\"fas fa-file-pdf\"><\/i>\t\t\t\t\t\t<\/span>\n\t\t\t\t\t\t\t\t\t\t<span class=\"elementor-icon-list-text\">Caritas Istanbul Clothing Donation Brochure<\/span>\n\t\t\t\t\t\t\t\t\t\t\t<\/a>\n\t\t\t\t\t\t\t\t\t<\/li>\n\t\t\t\t\t\t<\/ul>\n\t\t\t\t<\/div>\n\t\t\t\t<\/div>\n\t\t\t\t\t\t<\/div>\n\t\t\t\t\t<\/div>\n\t\t<\/div>\n\t\t\t\t\t\t\t\t<\/div>\n\t\t\t\t\t<\/div>\n\t\t<\/section>\n\t\t\t\t<section class=\"elementor-section elementor-top-section elementor-element elementor-element-c981429 elementor-section-boxed elementor-section-height-default elementor-section-height-default sc_fly_static\" data-id=\"c981429\" data-element_type=\"section\">\n\t\t\t\t\t\t<div class=\"elementor-container elementor-column-gap-extended\">\n\t\t\t\t\t\t\t<div class=\"elementor-row\">\n\t\t\t\t\t<div class=\"elementor-column elementor-col-100 elementor-top-column elementor-element elementor-element-b99a0fd sc_inner_width_none sc_content_align_inherit sc_layouts_column_icons_position_left sc_fly_static\" data-id=\"b99a0fd\" data-element_type=\"column\">\n\t\t\t<div class=\"elementor-column-wrap elementor-element-populated\">\n\t\t\t\t\t\t\t<div class=\"elementor-widget-wrap\">\n\t\t\t\t\t\t<div class=\"elementor-element elementor-element-066afe7 sc_fly_static elementor-widget elementor-widget-image-gallery\" data-id=\"066afe7\" data-element_type=\"widget\" data-widget_type=\"image-gallery.default\">\n\t\t\t\t<div class=\"elementor-widget-container\">\n\t\t\t\t\t<div class=\"elementor-image-gallery\">\n\t\t\t<div id='gallery-1' class='gallery galleryid-24039 gallery-columns-5 gallery-size-medium'><figure class='gallery-item'>\n\t\t\t<div class='gallery-icon portrait'>\n\t\t\t\t<a data-elementor-open-lightbox=\"yes\" data-elementor-lightbox-slideshow=\"066afe7\" data-elementor-lightbox-title=\"Caritas Istanbul Clothing Donation Brochure 2022 07 04_page-0001\" data-e-action-hash=\"#elementor-action%3Aaction%3Dlightbox%26settings%3DeyJpZCI6MjQ1ODksInVybCI6Imh0dHBzOlwvXC9sYXRpbmthdG9saWtraWxpc2VzaWlzdGFuYnVsLmNvbVwvd3AtY29udGVudFwvdXBsb2Fkc1wvMjAyNFwvMDNcL0Nhcml0YXMtSXN0YW5idWwtQ2xvdGhpbmctRG9uYXRpb24tQnJvY2h1cmUtMjAyMi0wNy0wNF9wYWdlLTAwMDEtc2NhbGVkLmpwZyIsInNsaWRlc2hvdyI6IjA2NmFmZTcifQ%3D%3D\" href='https:\/\/latinkatolikkilisesiistanbul.com\/wp-content\/uploads\/2024\/03\/Caritas-Istanbul-Clothing-Donation-Brochure-2022-07-04_page-0001-scaled.jpg'><img loading=\"lazy\" decoding=\"async\" width=\"212\" height=\"300\" src=\"https:\/\/latinkatolikkilisesiistanbul.com\/wp-content\/uploads\/2024\/03\/Caritas-Istanbul-Clothing-Donation-Brochure-2022-07-04_page-0001-212x300.jpg\" class=\"attachment-medium size-medium\" alt=\"\" srcset=\"https:\/\/latinkatolikkilisesiistanbul.com\/wp-content\/uploads\/2024\/03\/Caritas-Istanbul-Clothing-Donation-Brochure-2022-07-04_page-0001-212x300.jpg 212w, https:\/\/latinkatolikkilisesiistanbul.com\/wp-content\/uploads\/2024\/03\/Caritas-Istanbul-Clothing-Donation-Brochure-2022-07-04_page-0001-724x1024.jpg 724w, https:\/\/latinkatolikkilisesiistanbul.com\/wp-content\/uploads\/2024\/03\/Caritas-Istanbul-Clothing-Donation-Brochure-2022-07-04_page-0001-768x1086.jpg 768w, https:\/\/latinkatolikkilisesiistanbul.com\/wp-content\/uploads\/2024\/03\/Caritas-Istanbul-Clothing-Donation-Brochure-2022-07-04_page-0001-1087x1536.jpg 1087w, https:\/\/latinkatolikkilisesiistanbul.com\/wp-content\/uploads\/2024\/03\/Caritas-Istanbul-Clothing-Donation-Brochure-2022-07-04_page-0001-1449x2048.jpg 1449w, https:\/\/latinkatolikkilisesiistanbul.com\/wp-content\/uploads\/2024\/03\/Caritas-Istanbul-Clothing-Donation-Brochure-2022-07-04_page-0001-370x523.jpg 370w, https:\/\/latinkatolikkilisesiistanbul.com\/wp-content\/uploads\/2024\/03\/Caritas-Istanbul-Clothing-Donation-Brochure-2022-07-04_page-0001-840x1187.jpg 840w, https:\/\/latinkatolikkilisesiistanbul.com\/wp-content\/uploads\/2024\/03\/Caritas-Istanbul-Clothing-Donation-Brochure-2022-07-04_page-0001-410x580.jpg 410w, https:\/\/latinkatolikkilisesiistanbul.com\/wp-content\/uploads\/2024\/03\/Caritas-Istanbul-Clothing-Donation-Brochure-2022-07-04_page-0001-scaled.jpg 1811w\" sizes=\"auto, (max-width: 212px) 100vw, 212px\" \/><\/a>\n\t\t\t<\/div><\/figure><figure class='gallery-item'>\n\t\t\t<div class='gallery-icon portrait'>\n\t\t\t\t<a data-elementor-open-lightbox=\"yes\" data-elementor-lightbox-slideshow=\"066afe7\" data-elementor-lightbox-title=\"CARITAS ISTANBUL MOTHER CARE PROGRAM CALL FOR DONATION BROCHURE PNG\" data-e-action-hash=\"#elementor-action%3Aaction%3Dlightbox%26settings%3DeyJpZCI6MjQ1OTMsInVybCI6Imh0dHBzOlwvXC9sYXRpbmthdG9saWtraWxpc2VzaWlzdGFuYnVsLmNvbVwvd3AtY29udGVudFwvdXBsb2Fkc1wvMjAyNFwvMDNcL0NBUklUQVMtSVNUQU5CVUwtTU9USEVSLUNBUkUtUFJPR1JBTS1DQUxMLUZPUi1ET05BVElPTi1CUk9DSFVSRS1QTkcucG5nIiwic2xpZGVzaG93IjoiMDY2YWZlNyJ9\" href='https:\/\/latinkatolikkilisesiistanbul.com\/wp-content\/uploads\/2024\/03\/CARITAS-ISTANBUL-MOTHER-CARE-PROGRAM-CALL-FOR-DONATION-BROCHURE-PNG.png'><img loading=\"lazy\" decoding=\"async\" width=\"212\" height=\"300\" src=\"https:\/\/latinkatolikkilisesiistanbul.com\/wp-content\/uploads\/2024\/03\/CARITAS-ISTANBUL-MOTHER-CARE-PROGRAM-CALL-FOR-DONATION-BROCHURE-PNG-212x300.png\" class=\"attachment-medium size-medium\" alt=\"\" srcset=\"https:\/\/latinkatolikkilisesiistanbul.com\/wp-content\/uploads\/2024\/03\/CARITAS-ISTANBUL-MOTHER-CARE-PROGRAM-CALL-FOR-DONATION-BROCHURE-PNG-212x300.png 212w, https:\/\/latinkatolikkilisesiistanbul.com\/wp-content\/uploads\/2024\/03\/CARITAS-ISTANBUL-MOTHER-CARE-PROGRAM-CALL-FOR-DONATION-BROCHURE-PNG-724x1024.png 724w, https:\/\/latinkatolikkilisesiistanbul.com\/wp-content\/uploads\/2024\/03\/CARITAS-ISTANBUL-MOTHER-CARE-PROGRAM-CALL-FOR-DONATION-BROCHURE-PNG-768x1086.png 768w, https:\/\/latinkatolikkilisesiistanbul.com\/wp-content\/uploads\/2024\/03\/CARITAS-ISTANBUL-MOTHER-CARE-PROGRAM-CALL-FOR-DONATION-BROCHURE-PNG-1086x1536.png 1086w, https:\/\/latinkatolikkilisesiistanbul.com\/wp-content\/uploads\/2024\/03\/CARITAS-ISTANBUL-MOTHER-CARE-PROGRAM-CALL-FOR-DONATION-BROCHURE-PNG-1448x2048.png 1448w, https:\/\/latinkatolikkilisesiistanbul.com\/wp-content\/uploads\/2024\/03\/CARITAS-ISTANBUL-MOTHER-CARE-PROGRAM-CALL-FOR-DONATION-BROCHURE-PNG-370x523.png 370w, https:\/\/latinkatolikkilisesiistanbul.com\/wp-content\/uploads\/2024\/03\/CARITAS-ISTANBUL-MOTHER-CARE-PROGRAM-CALL-FOR-DONATION-BROCHURE-PNG-840x1188.png 840w, https:\/\/latinkatolikkilisesiistanbul.com\/wp-content\/uploads\/2024\/03\/CARITAS-ISTANBUL-MOTHER-CARE-PROGRAM-CALL-FOR-DONATION-BROCHURE-PNG-410x580.png 410w, https:\/\/latinkatolikkilisesiistanbul.com\/wp-content\/uploads\/2024\/03\/CARITAS-ISTANBUL-MOTHER-CARE-PROGRAM-CALL-FOR-DONATION-BROCHURE-PNG.png 1587w\" sizes=\"auto, (max-width: 212px) 100vw, 212px\" \/><\/a>\n\t\t\t<\/div><\/figure>\n\t\t<\/div>\n\t\t<\/div>\n\t\t\t\t<\/div>\n\t\t\t\t<\/div>\n\t\t\t\t\t\t<\/div>\n\t\t\t\t\t<\/div>\n\t\t<\/div>\n\t\t\t\t\t\t\t\t<\/div>\n\t\t\t\t\t<\/div>\n\t\t<\/section>\n\t\t\t\t\t\t\t\t\t<\/div>\n\t\t\t<\/div>\n\t\t\t\t\t<\/div>","protected":false},"excerpt":{"rendered":"<p>Address Inonu Mah. Harbiye \u00c7ay\u0131r\u0131 Sokak No.: 66, 34373 Sisli\/Istanbul Phone +905362517818(WhatsApp) Director Br. Milad Yacoub, volunteer E-Mail cilisteningcenter@gmail.com New Caritas Istanbul As of 2018, as a branch of Caritas Turkey,...<\/p>","protected":false},"author":1,"featured_media":0,"parent":24037,"menu_order":0,"comment_status":"closed","ping_status":"closed","template":"","meta":{"om_disable_all_campaigns":false,"footnotes":"","_links_to":"","_links_to_target":""},"class_list":["post-24039","page","type-page","status-publish","hentry"],"_links":{"self":[{"href":"https:\/\/latinkatolikkilisesiistanbul.com\/en\/wp-json\/wp\/v2\/pages\/24039","targetHints":{"allow":["GET"]}}],"collection":[{"href":"https:\/\/latinkatolikkilisesiistanbul.com\/en\/wp-json\/wp\/v2\/pages"}],"about":[{"href":"https:\/\/latinkatolikkilisesiistanbul.com\/en\/wp-json\/wp\/v2\/types\/page"}],"author":[{"embeddable":true,"href":"https:\/\/latinkatolikkilisesiistanbul.com\/en\/wp-json\/wp\/v2\/users\/1"}],"replies":[{"embeddable":true,"href":"https:\/\/latinkatolikkilisesiistanbul.com\/en\/wp-json\/wp\/v2\/comments?post=24039"}],"version-history":[{"count":52,"href":"https:\/\/latinkatolikkilisesiistanbul.com\/en\/wp-json\/wp\/v2\/pages\/24039\/revisions"}],"predecessor-version":[{"id":24759,"href":"https:\/\/latinkatolikkilisesiistanbul.com\/en\/wp-json\/wp\/v2\/pages\/24039\/revisions\/24759"}],"up":[{"embeddable":true,"href":"https:\/\/latinkatolikkilisesiistanbul.com\/en\/wp-json\/wp\/v2\/pages\/24037"}],"wp:attachment":[{"href":"https:\/\/latinkatolikkilisesiistanbul.com\/en\/wp-json\/wp\/v2\/media?parent=24039"}],"curies":[{"name":"wp","href":"https:\/\/api.w.org\/{rel}","templated":true}]}}