{"id":23621,"date":"2023-11-10T01:00:24","date_gmt":"2023-11-09T22:00:24","guid":{"rendered":"http:\/\/episkopos.mbegetter.com\/?page_id=23621"},"modified":"2024-03-22T17:01:44","modified_gmt":"2024-03-22T14:01:44","slug":"church-of-the-sacred-heart","status":"publish","type":"page","link":"https:\/\/latinkatolikkilisesiistanbul.com\/en\/our-churches\/istanbul\/church-of-the-sacred-heart\/","title":{"rendered":"Church of the Sacred Heart"},"content":{"rendered":"<div data-elementor-type=\"wp-page\" data-elementor-id=\"23621\" class=\"elementor elementor-23621\">\n\t\t\t\t\t\t<div class=\"elementor-inner\">\n\t\t\t\t<div class=\"elementor-section-wrap\">\n\t\t\t\t\t\t\t\t\t<section class=\"elementor-section elementor-top-section elementor-element elementor-element-70cf337b elementor-section-boxed elementor-section-height-default elementor-section-height-default sc_fly_static\" data-id=\"70cf337b\" data-element_type=\"section\">\n\t\t\t\t\t\t<div class=\"elementor-container elementor-column-gap-extended\">\n\t\t\t\t\t\t\t<div class=\"elementor-row\">\n\t\t\t\t\t<div class=\"elementor-column elementor-col-50 elementor-top-column elementor-element elementor-element-51da8357 sc_inner_width_none sc_content_align_inherit sc_layouts_column_icons_position_left sc_fly_static\" data-id=\"51da8357\" data-element_type=\"column\">\n\t\t\t<div class=\"elementor-column-wrap elementor-element-populated\">\n\t\t\t\t\t\t\t<div class=\"elementor-widget-wrap\">\n\t\t\t\t\t\t<div class=\"elementor-element elementor-element-3191d82e sc_fly_static elementor-widget elementor-widget-heading\" data-id=\"3191d82e\" data-element_type=\"widget\" data-widget_type=\"heading.default\">\n\t\t\t\t<div class=\"elementor-widget-container\">\n\t\t\t<h2 class=\"elementor-heading-title elementor-size-default\">Church of the Sacred Heart - Baby<\/h2>\t\t<\/div>\n\t\t\t\t<\/div>\n\t\t\t\t<div class=\"elementor-element elementor-element-1dd4d6a1 sc_fly_static elementor-widget elementor-widget-text-editor\" data-id=\"1dd4d6a1\" data-element_type=\"widget\" data-widget_type=\"text-editor.default\">\n\t\t\t\t<div class=\"elementor-widget-container\">\n\t\t\t\t\t\t\t\t<div class=\"elementor-text-editor elementor-clearfix\">\n\t\t\t\t<p>It is impossible to talk about the Church of the Sacred Heart in Bebek without mentioning the Sisters of the Filles de la Charit\u00e9 and Vincentian Fathers, known as \"Lazarists\", once the largest congregation in Istanbul. Continuing in the tradition of their founders, St. Vincent de Paul and St. Louise de Marillac, they established orphanages, schools, clinics, nursing homes, agricultural colonies, nurseries and hospitals, many of which are still in operation in Istanbul, Bursa and Izmir. The Sultans also thanked the nuns for their devotion and service to the wounded in the Crimean War and for their hard work during the cholera epidemic that claimed many lives.<\/p><table><tbody><tr><td width=\"216\"><p>\u00a0<\/p><\/td><td width=\"245\"><p><strong>Opening time:\u00a0 \u00a0 \u00a0 \u00a0 \u00a0 \u00a0 \u00a0 \u00a0 \u00a0 \u00a0 \u00a0 \u00a0 \u00a0 \u00a0 \u00a0\u00a0<\/strong><\/p><\/td><td width=\"246\"><p><strong>Closing time<\/strong><\/p><\/td><\/tr><tr><td width=\"216\"><p>Saturday<\/p><\/td><td width=\"245\"><p>17.30pm<\/p><\/td><td width=\"246\"><p>19.45pm<\/p><\/td><\/tr><tr><td width=\"216\"><p>Market<\/p><\/td><td width=\"245\"><p>10.30am<\/p><\/td><td width=\"246\"><p>13pm<\/p><\/td><\/tr><\/tbody><\/table>\t\t\t\t\t<\/div>\n\t\t\t\t\t\t<\/div>\n\t\t\t\t<\/div>\n\t\t\t\t\t\t<\/div>\n\t\t\t\t\t<\/div>\n\t\t<\/div>\n\t\t\t\t<div class=\"elementor-column elementor-col-50 elementor-top-column elementor-element elementor-element-0e8b17f sc_layouts_hide_on_tablet sc_layouts_hide_on_mobile sc_inner_width_none sc_content_align_inherit sc_layouts_column_icons_position_left sc_fly_static\" data-id=\"0e8b17f\" data-element_type=\"column\">\n\t\t\t<div class=\"elementor-column-wrap elementor-element-populated\">\n\t\t\t\t\t\t\t<div class=\"elementor-widget-wrap\">\n\t\t\t\t\t\t<div class=\"elementor-element elementor-element-6888c08 sc_fly_static elementor-widget elementor-widget-heading\" data-id=\"6888c08\" data-element_type=\"widget\" data-widget_type=\"heading.default\">\n\t\t\t\t<div class=\"elementor-widget-container\">\n\t\t\t<h2 class=\"elementor-heading-title elementor-size-default\">Mass Times<\/h2>\t\t<\/div>\n\t\t\t\t<\/div>\n\t\t\t\t<div class=\"elementor-element elementor-element-4b11be3 elementor-icon-list--layout-traditional elementor-list-item-link-full_width sc_fly_static elementor-widget elementor-widget-icon-list\" data-id=\"4b11be3\" data-element_type=\"widget\" data-widget_type=\"icon-list.default\">\n\t\t\t\t<div class=\"elementor-widget-container\">\n\t\t\t\t\t<ul class=\"elementor-icon-list-items\">\n\t\t\t\t\t\t\t<li class=\"elementor-icon-list-item\">\n\t\t\t\t\t\t\t\t\t\t\t<span class=\"elementor-icon-list-icon\">\n\t\t\t\t\t\t\t<i aria-hidden=\"true\" class=\"fas fa-clock\"><\/i>\t\t\t\t\t\t<\/span>\n\t\t\t\t\t\t\t\t\t\t<span class=\"elementor-icon-list-text\"><b>Saturday:<\/b><br> Turkish 18:00<\/span>\n\t\t\t\t\t\t\t\t\t<\/li>\n\t\t\t\t\t\t\t\t<li class=\"elementor-icon-list-item\">\n\t\t\t\t\t\t\t\t\t\t\t<span class=\"elementor-icon-list-icon\">\n\t\t\t\t\t\t\t<i aria-hidden=\"true\" class=\"fas fa-clock\"><\/i>\t\t\t\t\t\t<\/span>\n\t\t\t\t\t\t\t\t\t\t<span class=\"elementor-icon-list-text\"><b>Sunday:<\/b><br> Multilingual 11:00<\/span>\n\t\t\t\t\t\t\t\t\t<\/li>\n\t\t\t\t\t\t<\/ul>\n\t\t\t\t<\/div>\n\t\t\t\t<\/div>\n\t\t\t\t\t\t<\/div>\n\t\t\t\t\t<\/div>\n\t\t<\/div>\n\t\t\t\t\t\t\t\t<\/div>\n\t\t\t\t\t<\/div>\n\t\t<\/section>\n\t\t\t\t<section class=\"elementor-section elementor-top-section elementor-element elementor-element-114108d elementor-section-boxed elementor-section-height-default elementor-section-height-default sc_fly_static\" data-id=\"114108d\" data-element_type=\"section\">\n\t\t\t\t\t\t<div class=\"elementor-container elementor-column-gap-extended\">\n\t\t\t\t\t\t\t<div class=\"elementor-row\">\n\t\t\t\t\t<div class=\"elementor-column elementor-col-100 elementor-top-column elementor-element elementor-element-3e8e91c8 sc_inner_width_none sc_content_align_inherit sc_layouts_column_icons_position_left sc_fly_static\" data-id=\"3e8e91c8\" data-element_type=\"column\">\n\t\t\t<div class=\"elementor-column-wrap elementor-element-populated\">\n\t\t\t\t\t\t\t<div class=\"elementor-widget-wrap\">\n\t\t\t\t\t\t<div class=\"elementor-element elementor-element-467eca31 gallery-spacing-custom sc_fly_static elementor-widget elementor-widget-image-gallery\" data-id=\"467eca31\" data-element_type=\"widget\" data-widget_type=\"image-gallery.default\">\n\t\t\t\t<div class=\"elementor-widget-container\">\n\t\t\t\t\t<div class=\"elementor-image-gallery\">\n\t\t\t<div id='gallery-1' class='gallery galleryid-23621 gallery-columns-4 gallery-size-trx_addons-thumb-avatar'><figure class='gallery-item'>\n\t\t\t<div class='gallery-icon portrait'>\n\t\t\t\t<a data-elementor-open-lightbox=\"yes\" data-elementor-lightbox-slideshow=\"467eca31\" data-elementor-lightbox-title=\"bebek 3 (2)\" data-e-action-hash=\"#elementor-action%3Aaction%3Dlightbox%26settings%3DeyJpZCI6MjM2OTQsInVybCI6Imh0dHBzOlwvXC9sYXRpbmthdG9saWtraWxpc2VzaWlzdGFuYnVsLmNvbVwvd3AtY29udGVudFwvdXBsb2Fkc1wvMjAyM1wvMTJcL2JlYmVrLTMtMi5qcGciLCJzbGlkZXNob3ciOiI0NjdlY2EzMSJ9\" href='https:\/\/latinkatolikkilisesiistanbul.com\/wp-content\/uploads\/2023\/12\/bebek-3-2.jpg'><img loading=\"lazy\" decoding=\"async\" width=\"360\" height=\"370\" src=\"https:\/\/latinkatolikkilisesiistanbul.com\/wp-content\/uploads\/2023\/12\/bebek-3-2-360x370.jpg\" class=\"attachment-trx_addons-thumb-avatar size-trx_addons-thumb-avatar\" alt=\"\" \/><\/a>\n\t\t\t<\/div><\/figure><figure class='gallery-item'>\n\t\t\t<div class='gallery-icon portrait'>\n\t\t\t\t<a data-elementor-open-lightbox=\"yes\" data-elementor-lightbox-slideshow=\"467eca31\" data-elementor-lightbox-title=\"WhatsApp Image 2023-11-29 at 19.18.42\" data-e-action-hash=\"#elementor-action%3Aaction%3Dlightbox%26settings%3DeyJpZCI6MjM2OTIsInVybCI6Imh0dHBzOlwvXC9sYXRpbmthdG9saWtraWxpc2VzaWlzdGFuYnVsLmNvbVwvd3AtY29udGVudFwvdXBsb2Fkc1wvMjAyM1wvMTJcL1doYXRzQXBwLUltYWdlLTIwMjMtMTEtMjktYXQtMTkuMTguNDIuanBlZyIsInNsaWRlc2hvdyI6IjQ2N2VjYTMxIn0%3D\" href='https:\/\/latinkatolikkilisesiistanbul.com\/wp-content\/uploads\/2023\/12\/WhatsApp-Image-2023-11-29-at-19.18.42.jpeg'><img loading=\"lazy\" decoding=\"async\" width=\"370\" height=\"370\" src=\"https:\/\/latinkatolikkilisesiistanbul.com\/wp-content\/uploads\/2023\/12\/WhatsApp-Image-2023-11-29-at-19.18.42-370x370.jpeg\" class=\"attachment-trx_addons-thumb-avatar size-trx_addons-thumb-avatar\" alt=\"\" srcset=\"https:\/\/latinkatolikkilisesiistanbul.com\/wp-content\/uploads\/2023\/12\/WhatsApp-Image-2023-11-29-at-19.18.42-370x370.jpeg 370w, https:\/\/latinkatolikkilisesiistanbul.com\/wp-content\/uploads\/2023\/12\/WhatsApp-Image-2023-11-29-at-19.18.42-150x150.jpeg 150w, https:\/\/latinkatolikkilisesiistanbul.com\/wp-content\/uploads\/2023\/12\/WhatsApp-Image-2023-11-29-at-19.18.42-120x120.jpeg 120w\" sizes=\"auto, (max-width: 600px) 100vw, 370px\" \/><\/a>\n\t\t\t<\/div><\/figure><figure class='gallery-item'>\n\t\t\t<div class='gallery-icon landscape'>\n\t\t\t\t<a data-elementor-open-lightbox=\"yes\" data-elementor-lightbox-slideshow=\"467eca31\" data-elementor-lightbox-title=\"Bebek1.jpg\" data-e-action-hash=\"#elementor-action%3Aaction%3Dlightbox%26settings%3DeyJpZCI6MjM2OTEsInVybCI6Imh0dHBzOlwvXC9sYXRpbmthdG9saWtraWxpc2VzaWlzdGFuYnVsLmNvbVwvd3AtY29udGVudFwvdXBsb2Fkc1wvMjAyM1wvMTJcL0JlYmVrMS5qcGcucG5nIiwic2xpZGVzaG93IjoiNDY3ZWNhMzEifQ%3D%3D\" href='https:\/\/latinkatolikkilisesiistanbul.com\/wp-content\/uploads\/2023\/12\/Bebek1.jpg.png'><img loading=\"lazy\" decoding=\"async\" width=\"370\" height=\"370\" src=\"https:\/\/latinkatolikkilisesiistanbul.com\/wp-content\/uploads\/2023\/12\/Bebek1.jpg-370x370.png\" class=\"attachment-trx_addons-thumb-avatar size-trx_addons-thumb-avatar\" alt=\"\" srcset=\"https:\/\/latinkatolikkilisesiistanbul.com\/wp-content\/uploads\/2023\/12\/Bebek1.jpg-370x370.png 370w, https:\/\/latinkatolikkilisesiistanbul.com\/wp-content\/uploads\/2023\/12\/Bebek1.jpg-150x150.png 150w, https:\/\/latinkatolikkilisesiistanbul.com\/wp-content\/uploads\/2023\/12\/Bebek1.jpg-120x120.png 120w\" sizes=\"auto, (max-width: 600px) 100vw, 370px\" \/><\/a>\n\t\t\t<\/div><\/figure><figure class='gallery-item'>\n\t\t\t<div class='gallery-icon landscape'>\n\t\t\t\t<a data-elementor-open-lightbox=\"yes\" data-elementor-lightbox-slideshow=\"467eca31\" data-elementor-lightbox-title=\"Bebek2\" data-e-action-hash=\"#elementor-action%3Aaction%3Dlightbox%26settings%3DeyJpZCI6MjM2OTAsInVybCI6Imh0dHBzOlwvXC9sYXRpbmthdG9saWtraWxpc2VzaWlzdGFuYnVsLmNvbVwvd3AtY29udGVudFwvdXBsb2Fkc1wvMjAyM1wvMTJcL0JlYmVrMi5wbmciLCJzbGlkZXNob3ciOiI0NjdlY2EzMSJ9\" href='https:\/\/latinkatolikkilisesiistanbul.com\/wp-content\/uploads\/2023\/12\/Bebek2.png'><img loading=\"lazy\" decoding=\"async\" width=\"370\" height=\"370\" src=\"https:\/\/latinkatolikkilisesiistanbul.com\/wp-content\/uploads\/2023\/12\/Bebek2-370x370.png\" class=\"attachment-trx_addons-thumb-avatar size-trx_addons-thumb-avatar\" alt=\"\" srcset=\"https:\/\/latinkatolikkilisesiistanbul.com\/wp-content\/uploads\/2023\/12\/Bebek2-370x370.png 370w, https:\/\/latinkatolikkilisesiistanbul.com\/wp-content\/uploads\/2023\/12\/Bebek2-150x150.png 150w, https:\/\/latinkatolikkilisesiistanbul.com\/wp-content\/uploads\/2023\/12\/Bebek2-120x120.png 120w\" sizes=\"auto, (max-width: 600px) 100vw, 370px\" \/><\/a>\n\t\t\t<\/div><\/figure>\n\t\t<\/div>\n\t\t<\/div>\n\t\t\t\t<\/div>\n\t\t\t\t<\/div>\n\t\t\t\t<div class=\"elementor-element elementor-element-421b285 sc_fly_static elementor-widget elementor-widget-text-editor\" data-id=\"421b285\" data-element_type=\"widget\" data-widget_type=\"text-editor.default\">\n\t\t\t\t<div class=\"elementor-widget-container\">\n\t\t\t\t\t\t\t\t<div class=\"elementor-text-editor elementor-clearfix\">\n\t\t\t\t<p>The first abbess was Sister Therese (real name Alexandrine de Merlis). A precocious worker, she established a clinic, taught the first classes and worked during the cholera epidemic of 1848. When she left home in 1851 to run the French hospital in Taksim, Bebek had 17 orphans as well as boarding and day students.  She was replaced by Sister C\u00e9cilia Rigaud, who later contracted cholera. Then came Sister St\u00e9phanie MAHEO, a Breton woman of great energy and perseverance, who organized the house and the work from 1857 to 1897. Before her death in 1907 at the age of 83, she bequeathed 25,000 French francs for the construction of the present church.<\/p><p>The church is dedicated to the Sacred Heart and has four side altars. Two in the choir, dedicated to St. Louis and St. Vincent de Paul, and two on either side of the nave, one dedicated to the Virgin and the other to St. Joseph.<\/p><p>It was designed by the Italian architect Ercole Michelini, under the direction of Fran\u00e7ois-Xavier Lobry, Visitor of the Lazarist Fathers and Daughters of Charity. The church was consecrated on March 16, 1910.<\/p><p>After the devastation of the 1914-18 war, the church was restored and the Superior General of the Daughters of Charity of Paris donated a beautiful statue of the Sacred Heart, inaugurated on October 30, 1932. The statue dominates the wooden altar, which is still in excellent condition.<\/p><p>In 2002, the last French Vincentian in Istanbul, finding it impossible to continue taking care of his property in Bebek, proposed to his superiors in Paris to entrust it to the \"Identes\" congregation, on condition that the ministry of the Church of the Sacred Heart would be guaranteed.<\/p>\t\t\t\t\t<\/div>\n\t\t\t\t\t\t<\/div>\n\t\t\t\t<\/div>\n\t\t\t\t\t\t<\/div>\n\t\t\t\t\t<\/div>\n\t\t<\/div>\n\t\t\t\t\t\t\t\t<\/div>\n\t\t\t\t\t<\/div>\n\t\t<\/section>\n\t\t\t\t<section class=\"elementor-section elementor-top-section elementor-element elementor-element-78f97f6a scheme_default elementor-section-boxed elementor-section-height-default elementor-section-height-default sc_fly_static\" data-id=\"78f97f6a\" data-element_type=\"section\">\n\t\t\t\t\t\t<div class=\"elementor-container elementor-column-gap-extended\">\n\t\t\t\t\t\t\t<div class=\"elementor-row\">\n\t\t\t\t\t<div class=\"elementor-column elementor-col-100 elementor-top-column elementor-element elementor-element-64740ebd sc_inner_width_none sc_content_align_inherit sc_layouts_column_icons_position_left sc_fly_static\" data-id=\"64740ebd\" data-element_type=\"column\">\n\t\t\t<div class=\"elementor-column-wrap elementor-element-populated\">\n\t\t\t\t\t\t\t<div class=\"elementor-widget-wrap\">\n\t\t\t\t\t\t<section class=\"elementor-section elementor-inner-section elementor-element elementor-element-76b7f076 elementor-section-boxed elementor-section-height-default elementor-section-height-default sc_fly_static\" data-id=\"76b7f076\" data-element_type=\"section\">\n\t\t\t\t\t\t<div class=\"elementor-container elementor-column-gap-no\">\n\t\t\t\t\t\t\t<div class=\"elementor-row\">\n\t\t\t\t\t<div class=\"elementor-column elementor-col-100 elementor-inner-column elementor-element elementor-element-4c32c389 sc_inner_width_none sc_content_align_inherit sc_layouts_column_icons_position_left sc_fly_static\" data-id=\"4c32c389\" data-element_type=\"column\">\n\t\t\t<div class=\"elementor-column-wrap elementor-element-populated\">\n\t\t\t\t\t\t\t<div class=\"elementor-widget-wrap\">\n\t\t\t\t\t\t<div class=\"elementor-element elementor-element-34c9685d sc_fly_static elementor-widget elementor-widget-trx_sc_icons\" data-id=\"34c9685d\" data-element_type=\"widget\" data-widget_type=\"trx_sc_icons.default\">\n\t\t\t\t<div class=\"elementor-widget-container\">\n\t\t\t<div \tclass=\"sc_icons sc_icons_extra sc_icons_size_large sc_align_center\" ><div class=\"sc_icons_columns_wrap sc_item_columns trx_addons_columns_wrap columns_padding_bottom columns_in_single_row\" ><div class=\"trx_addons_column-1_3\"><div class=\"sc_icons_item sc_icons_item_linked with_more\"><div class=\"sc_icons_icon sc_icon_type_ icon-map\" style=\"color: #F2E8E6\" ><span class=\"sc_icon_type_ icon-map\" style=\"color: #F2E8E6\"><\/span><\/div><div class=\"sc_icons_item_details\"><h4 class=\"sc_icons_item_title\"><a href=\"https:\/\/maps.app.goo.gl\/D6q4hcxZcfaxZErn9\" target=\"_blank\" rel=\"noopener\">\n                                    Address                                    <\/a><\/h4><div class=\"sc_icons_item_description\"><span>Bebek, Yo\u011furt\u00e7u Z\u00fclf\u00fc Soka\u011f\u0131 No:15, 34342 Be\u015fikta\u015f\/\u0130stanbul, Turchia<\/span><\/div><a href=\"https:\/\/maps.app.goo.gl\/D6q4hcxZcfaxZErn9\" class=\"sc_icons_item_more_link\" target=\"_blank\" rel=\"noopener\">\n                        <span class=\"link_text\">View Location<\/span><span class=\"link_icon\"><\/span>\n                        <\/a><a href=\"https:\/\/maps.app.goo.gl\/D6q4hcxZcfaxZErn9\" class=\"sc_icons_item_link\" target=\"_blank\" rel=\"noopener\">\n                        <\/a><\/div><\/div><\/div><div class=\"trx_addons_column-1_3\"><div class=\"sc_icons_item sc_icons_item_linked with_more\"><div class=\"sc_icons_icon sc_icon_type_ icon-phone-call\" style=\"color: #F2E8E6\" ><span class=\"sc_icon_type_ icon-phone-call\" style=\"color: #F2E8E6\"><\/span><\/div><div class=\"sc_icons_item_details\"><h4 class=\"sc_icons_item_title\"><a href=\"tel:02123583228\">\n                                    Telephone                                    <\/a><\/h4><div class=\"sc_icons_item_description\"><span>0212 358 32 28<\/span><\/div><a href=\"tel:02123583228\" class=\"sc_icons_item_more_link\">\n                        <span class=\"link_text\">Search Now<\/span><span class=\"link_icon\"><\/span>\n                        <\/a><a href=\"tel:02123583228\"\n                        class=\"sc_icons_item_link\">\n                        <\/a><\/div><\/div><\/div><div class=\"trx_addons_column-1_3\"><div class=\"sc_icons_item sc_icons_item_linked with_more\"><div class=\"sc_icons_icon sc_icon_type_ icon-globe-light\" style=\"color: #F2E8E6\" ><span class=\"sc_icon_type_ icon-globe-light\" style=\"color: #F2E8E6\"><\/span><\/div><div class=\"sc_icons_item_details\"><h4 class=\"sc_icons_item_title\"><a href=\"#\">\n                                    Website                                    <\/a><\/h4><div class=\"sc_icons_item_description\"><span>-<\/span><\/div><a href=\"#\" class=\"sc_icons_item_more_link\">\n                        <span class=\"link_text\">Go to Site<\/span><span class=\"link_icon\"><\/span>\n                        <\/a><a href=\"#\"\n                        class=\"sc_icons_item_link\">\n                        <\/a><\/div><\/div><\/div><\/div><\/div><!-- \/.sc_icons -->\t\t<\/div>\n\t\t\t\t<\/div>\n\t\t\t\t\t\t<\/div>\n\t\t\t\t\t<\/div>\n\t\t<\/div>\n\t\t\t\t\t\t\t\t<\/div>\n\t\t\t\t\t<\/div>\n\t\t<\/section>\n\t\t\t\t\t\t<\/div>\n\t\t\t\t\t<\/div>\n\t\t<\/div>\n\t\t\t\t\t\t\t\t<\/div>\n\t\t\t\t\t<\/div>\n\t\t<\/section>\n\t\t\t\t\t\t\t\t\t<\/div>\n\t\t\t<\/div>\n\t\t\t\t\t<\/div>","protected":false},"excerpt":{"rendered":"<p>Sacred Heart Church - Bebek It would be impossible to talk about the Sacred Heart Church in Bebek without mentioning the Sisters of the Filles de la Charit\u00e9 and Vincentian Fathers, known as the \"Lazarists\", once the largest congregation in Istanbul.<\/p>","protected":false},"author":1,"featured_media":23693,"parent":22909,"menu_order":0,"comment_status":"closed","ping_status":"closed","template":"","meta":{"om_disable_all_campaigns":false,"footnotes":"","_links_to":"","_links_to_target":""},"class_list":["post-23621","page","type-page","status-publish","has-post-thumbnail","hentry"],"_links":{"self":[{"href":"https:\/\/latinkatolikkilisesiistanbul.com\/en\/wp-json\/wp\/v2\/pages\/23621","targetHints":{"allow":["GET"]}}],"collection":[{"href":"https:\/\/latinkatolikkilisesiistanbul.com\/en\/wp-json\/wp\/v2\/pages"}],"about":[{"href":"https:\/\/latinkatolikkilisesiistanbul.com\/en\/wp-json\/wp\/v2\/types\/page"}],"author":[{"embeddable":true,"href":"https:\/\/latinkatolikkilisesiistanbul.com\/en\/wp-json\/wp\/v2\/users\/1"}],"replies":[{"embeddable":true,"href":"https:\/\/latinkatolikkilisesiistanbul.com\/en\/wp-json\/wp\/v2\/comments?post=23621"}],"version-history":[{"count":16,"href":"https:\/\/latinkatolikkilisesiistanbul.com\/en\/wp-json\/wp\/v2\/pages\/23621\/revisions"}],"predecessor-version":[{"id":24499,"href":"https:\/\/latinkatolikkilisesiistanbul.com\/en\/wp-json\/wp\/v2\/pages\/23621\/revisions\/24499"}],"up":[{"embeddable":true,"href":"https:\/\/latinkatolikkilisesiistanbul.com\/en\/wp-json\/wp\/v2\/pages\/22909"}],"wp:featuredmedia":[{"embeddable":true,"href":"https:\/\/latinkatolikkilisesiistanbul.com\/en\/wp-json\/wp\/v2\/media\/23693"}],"wp:attachment":[{"href":"https:\/\/latinkatolikkilisesiistanbul.com\/en\/wp-json\/wp\/v2\/media?parent=23621"}],"curies":[{"name":"wp","href":"https:\/\/api.w.org\/{rel}","templated":true}]}}