{"id":23618,"date":"2023-11-10T01:07:40","date_gmt":"2023-11-09T22:07:40","guid":{"rendered":"http:\/\/episkopos.mbegetter.com\/?page_id=23618"},"modified":"2024-03-22T17:00:40","modified_gmt":"2024-03-22T14:00:40","slug":"buyukada-church-of-saint-pasifico","status":"publish","type":"page","link":"https:\/\/latinkatolikkilisesiistanbul.com\/en\/our-churches\/istanbul\/buyukada-church-of-saint-pasifico\/","title":{"rendered":"Church of St. Pacifico in Buyukada"},"content":{"rendered":"<div data-elementor-type=\"wp-page\" data-elementor-id=\"23618\" class=\"elementor elementor-23618\">\n\t\t\t\t\t\t<div class=\"elementor-inner\">\n\t\t\t\t<div class=\"elementor-section-wrap\">\n\t\t\t\t\t\t\t\t\t<section class=\"elementor-section elementor-top-section elementor-element elementor-element-70cf337b elementor-section-boxed elementor-section-height-default elementor-section-height-default sc_fly_static\" data-id=\"70cf337b\" data-element_type=\"section\">\n\t\t\t\t\t\t<div class=\"elementor-container elementor-column-gap-extended\">\n\t\t\t\t\t\t\t<div class=\"elementor-row\">\n\t\t\t\t\t<div class=\"elementor-column elementor-col-50 elementor-top-column elementor-element elementor-element-51da8357 sc_inner_width_none sc_content_align_inherit sc_layouts_column_icons_position_left sc_fly_static\" data-id=\"51da8357\" data-element_type=\"column\">\n\t\t\t<div class=\"elementor-column-wrap elementor-element-populated\">\n\t\t\t\t\t\t\t<div class=\"elementor-widget-wrap\">\n\t\t\t\t\t\t<div class=\"elementor-element elementor-element-3191d82e sc_fly_static elementor-widget elementor-widget-heading\" data-id=\"3191d82e\" data-element_type=\"widget\" data-widget_type=\"heading.default\">\n\t\t\t\t<div class=\"elementor-widget-container\">\n\t\t\t<h2 class=\"elementor-heading-title elementor-size-default\">Church of St. Pacifico in Buyukada - Buyukada<\/h2>\t\t<\/div>\n\t\t\t\t<\/div>\n\t\t\t\t<div class=\"elementor-element elementor-element-1dd4d6a1 sc_fly_static elementor-widget elementor-widget-text-editor\" data-id=\"1dd4d6a1\" data-element_type=\"widget\" data-widget_type=\"text-editor.default\">\n\t\t\t\t<div class=\"elementor-widget-container\">\n\t\t\t\t\t\t\t\t<div class=\"elementor-text-editor elementor-clearfix\">\n\t\t\t\t<p><strong>\u00a0<\/strong><strong>Church History<\/strong><\/p><p>Among the dozen churches and monasteries of various denominations on Buyukada, the largest of the Prince Islands, whose ancient Greek name is Prinkipo, is the beautiful Latin Catholic church of St. Pacifica (St. Severinus).<\/p><p>Since the early 19th century, the Franciscans of the Church of St. Mary Draperis in Beyo\u011flu, Istanbul - Draperis being the name of the family who donated the land on which the place of worship is located - have been holding Sunday services for their faithful in B\u00fcy\u00fckada during the summer months. The construction of this place of worship began in 1885, after obtaining permission from the administrative services of the Ottoman Empire, and was financed by an Italian banker, Ignazio Corpi. The work was commissioned to an Italian architect named Giacomo Leoni, who also built the banker's palace in Tepeba\u015f\u0131 and his villa in B\u00fcy\u00fckada.<\/p><table><tbody><tr><td width=\"227\"><p>\u00a0<\/p><\/td><td width=\"234\"><p><strong>Opening time:\u00a0 \u00a0 \u00a0 \u00a0 \u00a0\u00a0<\/strong><\/p><\/td><td width=\"246\"><p><strong>Closing time<\/strong><\/p><\/td><\/tr><tr><td width=\"227\"><p>Tuesday<\/p><\/td><td width=\"234\"><p>10.30am<\/p><\/td><td width=\"246\"><p>12pm<\/p><\/td><\/tr><tr><td width=\"227\"><p>Saturday (<strong>June - September<\/strong>)<\/p><\/td><td width=\"234\"><p>18.30pm<\/p><\/td><td width=\"246\"><p>20pm<\/p><\/td><\/tr><tr><td width=\"227\"><p>Sunday morning<\/p><\/td><td width=\"234\"><p>10.30am<\/p><\/td><td width=\"246\"><p>12.30pm<\/p><\/td><\/tr><\/tbody><\/table>\t\t\t\t\t<\/div>\n\t\t\t\t\t\t<\/div>\n\t\t\t\t<\/div>\n\t\t\t\t\t\t<\/div>\n\t\t\t\t\t<\/div>\n\t\t<\/div>\n\t\t\t\t<div class=\"elementor-column elementor-col-50 elementor-top-column elementor-element elementor-element-0e8b17f sc_layouts_hide_on_tablet sc_layouts_hide_on_mobile sc_inner_width_none sc_content_align_inherit sc_layouts_column_icons_position_left sc_fly_static\" data-id=\"0e8b17f\" data-element_type=\"column\">\n\t\t\t<div class=\"elementor-column-wrap elementor-element-populated\">\n\t\t\t\t\t\t\t<div class=\"elementor-widget-wrap\">\n\t\t\t\t\t\t<div class=\"elementor-element elementor-element-6888c08 sc_fly_static elementor-widget elementor-widget-heading\" data-id=\"6888c08\" data-element_type=\"widget\" data-widget_type=\"heading.default\">\n\t\t\t\t<div class=\"elementor-widget-container\">\n\t\t\t<h2 class=\"elementor-heading-title elementor-size-default\">Mass Times<\/h2>\t\t<\/div>\n\t\t\t\t<\/div>\n\t\t\t\t<div class=\"elementor-element elementor-element-d3923ae elementor-icon-list--layout-traditional elementor-list-item-link-full_width sc_fly_static elementor-widget elementor-widget-icon-list\" data-id=\"d3923ae\" data-element_type=\"widget\" data-widget_type=\"icon-list.default\">\n\t\t\t\t<div class=\"elementor-widget-container\">\n\t\t\t\t\t<ul class=\"elementor-icon-list-items\">\n\t\t\t\t\t\t\t<li class=\"elementor-icon-list-item\">\n\t\t\t\t\t\t\t\t\t\t\t<span class=\"elementor-icon-list-icon\">\n\t\t\t\t\t\t\t<i aria-hidden=\"true\" class=\"fas fa-clock\"><\/i>\t\t\t\t\t\t<\/span>\n\t\t\t\t\t\t\t\t\t\t<span class=\"elementor-icon-list-text\"><b>Tuesday:<\/b><br> Turkish 11:00<\/span>\n\t\t\t\t\t\t\t\t\t<\/li>\n\t\t\t\t\t\t\t\t<li class=\"elementor-icon-list-item\">\n\t\t\t\t\t\t\t\t\t\t\t<span class=\"elementor-icon-list-icon\">\n\t\t\t\t\t\t\t<i aria-hidden=\"true\" class=\"fas fa-clock\"><\/i>\t\t\t\t\t\t<\/span>\n\t\t\t\t\t\t\t\t\t\t<span class=\"elementor-icon-list-text\"><b>Saturday:<\/b><br>(June-September only): Italian \/ Turkish 11:00<\/span>\n\t\t\t\t\t\t\t\t\t<\/li>\n\t\t\t\t\t\t\t\t<li class=\"elementor-icon-list-item\">\n\t\t\t\t\t\t\t\t\t\t\t<span class=\"elementor-icon-list-icon\">\n\t\t\t\t\t\t\t<i aria-hidden=\"true\" class=\"fas fa-clock\"><\/i>\t\t\t\t\t\t<\/span>\n\t\t\t\t\t\t\t\t\t\t<span class=\"elementor-icon-list-text\"><b>Sunday:<\/b><br> Turkish 11:00<\/span>\n\t\t\t\t\t\t\t\t\t<\/li>\n\t\t\t\t\t\t<\/ul>\n\t\t\t\t<\/div>\n\t\t\t\t<\/div>\n\t\t\t\t\t\t<\/div>\n\t\t\t\t\t<\/div>\n\t\t<\/div>\n\t\t\t\t\t\t\t\t<\/div>\n\t\t\t\t\t<\/div>\n\t\t<\/section>\n\t\t\t\t<section class=\"elementor-section elementor-top-section elementor-element elementor-element-114108d elementor-section-boxed elementor-section-height-default elementor-section-height-default sc_fly_static\" data-id=\"114108d\" data-element_type=\"section\">\n\t\t\t\t\t\t<div class=\"elementor-container elementor-column-gap-extended\">\n\t\t\t\t\t\t\t<div class=\"elementor-row\">\n\t\t\t\t\t<div class=\"elementor-column elementor-col-100 elementor-top-column elementor-element elementor-element-3e8e91c8 sc_inner_width_none sc_content_align_inherit sc_layouts_column_icons_position_left sc_fly_static\" data-id=\"3e8e91c8\" data-element_type=\"column\">\n\t\t\t<div class=\"elementor-column-wrap elementor-element-populated\">\n\t\t\t\t\t\t\t<div class=\"elementor-widget-wrap\">\n\t\t\t\t\t\t<div class=\"elementor-element elementor-element-467eca31 sc_fly_static elementor-widget elementor-widget-image-gallery\" data-id=\"467eca31\" data-element_type=\"widget\" data-widget_type=\"image-gallery.default\">\n\t\t\t\t<div class=\"elementor-widget-container\">\n\t\t\t\t\t<div class=\"elementor-image-gallery\">\n\t\t\t<div id='gallery-1' class='gallery galleryid-23618 gallery-columns-4 gallery-size-trx_addons-thumb-avatar'><figure class='gallery-item'>\n\t\t\t<div class='gallery-icon portrait'>\n\t\t\t\t<a data-elementor-open-lightbox=\"yes\" data-elementor-lightbox-slideshow=\"467eca31\" data-elementor-lightbox-title=\"2021-01-05\" data-e-action-hash=\"#elementor-action%3Aaction%3Dlightbox%26settings%3DeyJpZCI6MjM3MzIsInVybCI6Imh0dHBzOlwvXC9sYXRpbmthdG9saWtraWxpc2VzaWlzdGFuYnVsLmNvbVwvd3AtY29udGVudFwvdXBsb2Fkc1wvMjAyM1wvMTJcLzIwMjEtMDEtMDUuanBnIiwic2xpZGVzaG93IjoiNDY3ZWNhMzEifQ%3D%3D\" href='https:\/\/latinkatolikkilisesiistanbul.com\/wp-content\/uploads\/2023\/12\/2021-01-05.jpg'><img loading=\"lazy\" decoding=\"async\" width=\"370\" height=\"370\" src=\"https:\/\/latinkatolikkilisesiistanbul.com\/wp-content\/uploads\/2023\/12\/2021-01-05-370x370.jpg\" class=\"attachment-trx_addons-thumb-avatar size-trx_addons-thumb-avatar\" alt=\"\" srcset=\"https:\/\/latinkatolikkilisesiistanbul.com\/wp-content\/uploads\/2023\/12\/2021-01-05-370x370.jpg 370w, https:\/\/latinkatolikkilisesiistanbul.com\/wp-content\/uploads\/2023\/12\/2021-01-05-150x150.jpg 150w, https:\/\/latinkatolikkilisesiistanbul.com\/wp-content\/uploads\/2023\/12\/2021-01-05-120x120.jpg 120w\" sizes=\"auto, (max-width: 600px) 100vw, 370px\" \/><\/a>\n\t\t\t<\/div><\/figure><figure class='gallery-item'>\n\t\t\t<div class='gallery-icon portrait'>\n\t\t\t\t<a data-elementor-open-lightbox=\"yes\" data-elementor-lightbox-slideshow=\"467eca31\" data-elementor-lightbox-title=\"2023-08-23 (1)\" data-e-action-hash=\"#elementor-action%3Aaction%3Dlightbox%26settings%3DeyJpZCI6MjM3MzMsInVybCI6Imh0dHBzOlwvXC9sYXRpbmthdG9saWtraWxpc2VzaWlzdGFuYnVsLmNvbVwvd3AtY29udGVudFwvdXBsb2Fkc1wvMjAyM1wvMTJcLzIwMjMtMDgtMjMtMS5qcGciLCJzbGlkZXNob3ciOiI0NjdlY2EzMSJ9\" href='https:\/\/latinkatolikkilisesiistanbul.com\/wp-content\/uploads\/2023\/12\/2023-08-23-1.jpg'><img loading=\"lazy\" decoding=\"async\" width=\"370\" height=\"370\" src=\"https:\/\/latinkatolikkilisesiistanbul.com\/wp-content\/uploads\/2023\/12\/2023-08-23-1-370x370.jpg\" class=\"attachment-trx_addons-thumb-avatar size-trx_addons-thumb-avatar\" alt=\"\" srcset=\"https:\/\/latinkatolikkilisesiistanbul.com\/wp-content\/uploads\/2023\/12\/2023-08-23-1-370x370.jpg 370w, https:\/\/latinkatolikkilisesiistanbul.com\/wp-content\/uploads\/2023\/12\/2023-08-23-1-150x150.jpg 150w, https:\/\/latinkatolikkilisesiistanbul.com\/wp-content\/uploads\/2023\/12\/2023-08-23-1-120x120.jpg 120w\" sizes=\"auto, (max-width: 600px) 100vw, 370px\" \/><\/a>\n\t\t\t<\/div><\/figure><figure class='gallery-item'>\n\t\t\t<div class='gallery-icon portrait'>\n\t\t\t\t<a data-elementor-open-lightbox=\"yes\" data-elementor-lightbox-slideshow=\"467eca31\" data-elementor-lightbox-title=\"2022-09-10\" data-e-action-hash=\"#elementor-action%3Aaction%3Dlightbox%26settings%3DeyJpZCI6MjM3MzUsInVybCI6Imh0dHBzOlwvXC9sYXRpbmthdG9saWtraWxpc2VzaWlzdGFuYnVsLmNvbVwvd3AtY29udGVudFwvdXBsb2Fkc1wvMjAyM1wvMTJcLzIwMjItMDktMTAuanBnIiwic2xpZGVzaG93IjoiNDY3ZWNhMzEifQ%3D%3D\" href='https:\/\/latinkatolikkilisesiistanbul.com\/wp-content\/uploads\/2023\/12\/2022-09-10.jpg'><img loading=\"lazy\" decoding=\"async\" width=\"370\" height=\"370\" src=\"https:\/\/latinkatolikkilisesiistanbul.com\/wp-content\/uploads\/2023\/12\/2022-09-10-370x370.jpg\" class=\"attachment-trx_addons-thumb-avatar size-trx_addons-thumb-avatar\" alt=\"\" srcset=\"https:\/\/latinkatolikkilisesiistanbul.com\/wp-content\/uploads\/2023\/12\/2022-09-10-370x370.jpg 370w, https:\/\/latinkatolikkilisesiistanbul.com\/wp-content\/uploads\/2023\/12\/2022-09-10-150x150.jpg 150w, https:\/\/latinkatolikkilisesiistanbul.com\/wp-content\/uploads\/2023\/12\/2022-09-10-120x120.jpg 120w\" sizes=\"auto, (max-width: 600px) 100vw, 370px\" \/><\/a>\n\t\t\t<\/div><\/figure>\n\t\t<\/div>\n\t\t<\/div>\n\t\t\t\t<\/div>\n\t\t\t\t<\/div>\n\t\t\t\t<div class=\"elementor-element elementor-element-2322156 sc_fly_static elementor-widget elementor-widget-text-editor\" data-id=\"2322156\" data-element_type=\"widget\" data-widget_type=\"text-editor.default\">\n\t\t\t\t<div class=\"elementor-widget-container\">\n\t\t\t\t\t\t\t\t<div class=\"elementor-text-editor elementor-clearfix\">\n\t\t\t\t<p>Archbishop Rotelli celebrated the first mass here on September 26, 1886.<\/p><p>Monsignor Angelo Giuseppe Roncalli, the future Pope John XXIII, was Apostolic Delegate in Turkey from 1935 to 1944. Roncalli had a summer house in Buyukada and regularly came to celebrate mass at the nearby church.<\/p><p><strong>Features of the church<\/strong><\/p><p>Located in the center of the village, a few hundred meters from the pier, the church goes unnoticed by most tourists.<\/p><p>After passing through a heavy iron gate crowned with a cross and the hand of St. Francis of Assisi holding the hand of Jesus, the fa\u00e7ade of the church is seen at the end of the garden.<\/p><p>Two statues stand out: on the right, St. Ignatius of Loyola, founder of the Jesuit order, and on the left, St. Francis.  Above the stained glass windows of the door is the same symbol as on the portal. The neo-Gothic church of San Pacifico has a magnificent wooden ceiling and interesting paintings and sculptures. There is a painting depicting John XXIII commemorating his celebrations at Saint-Pacifique.<\/p><p>Given the large Christian community on the island at the time, there was a Franciscan fraternity offering daily mass until about 1950.<\/p><p>At least one priest lived on the island after this date, but there was no permanent priest in Saint-Pacifique for 25 years.<\/p><p>For the last twenty years, however, Franciscan friars from Istanbul have been living here for three summer months and celebrating Mass several times a week.<\/p>\t\t\t\t\t<\/div>\n\t\t\t\t\t\t<\/div>\n\t\t\t\t<\/div>\n\t\t\t\t\t\t<\/div>\n\t\t\t\t\t<\/div>\n\t\t<\/div>\n\t\t\t\t\t\t\t\t<\/div>\n\t\t\t\t\t<\/div>\n\t\t<\/section>\n\t\t\t\t<section class=\"elementor-section elementor-top-section elementor-element elementor-element-78f97f6a scheme_default elementor-section-boxed elementor-section-height-default elementor-section-height-default sc_fly_static\" data-id=\"78f97f6a\" data-element_type=\"section\">\n\t\t\t\t\t\t<div class=\"elementor-container elementor-column-gap-extended\">\n\t\t\t\t\t\t\t<div class=\"elementor-row\">\n\t\t\t\t\t<div class=\"elementor-column elementor-col-100 elementor-top-column elementor-element elementor-element-64740ebd sc_inner_width_none sc_content_align_inherit sc_layouts_column_icons_position_left sc_fly_static\" data-id=\"64740ebd\" data-element_type=\"column\">\n\t\t\t<div class=\"elementor-column-wrap elementor-element-populated\">\n\t\t\t\t\t\t\t<div class=\"elementor-widget-wrap\">\n\t\t\t\t\t\t<section class=\"elementor-section elementor-inner-section elementor-element elementor-element-76b7f076 elementor-section-boxed elementor-section-height-default elementor-section-height-default sc_fly_static\" data-id=\"76b7f076\" data-element_type=\"section\">\n\t\t\t\t\t\t<div class=\"elementor-container elementor-column-gap-no\">\n\t\t\t\t\t\t\t<div class=\"elementor-row\">\n\t\t\t\t\t<div class=\"elementor-column elementor-col-100 elementor-inner-column elementor-element elementor-element-4c32c389 sc_inner_width_none sc_content_align_inherit sc_layouts_column_icons_position_left sc_fly_static\" data-id=\"4c32c389\" data-element_type=\"column\">\n\t\t\t<div class=\"elementor-column-wrap elementor-element-populated\">\n\t\t\t\t\t\t\t<div class=\"elementor-widget-wrap\">\n\t\t\t\t\t\t<div class=\"elementor-element elementor-element-34c9685d sc_fly_static elementor-widget elementor-widget-trx_sc_icons\" data-id=\"34c9685d\" data-element_type=\"widget\" data-widget_type=\"trx_sc_icons.default\">\n\t\t\t\t<div class=\"elementor-widget-container\">\n\t\t\t<div \tclass=\"sc_icons sc_icons_extra sc_icons_size_large sc_align_center\" ><div class=\"sc_icons_columns_wrap sc_item_columns trx_addons_columns_wrap columns_padding_bottom columns_in_single_row\" ><div class=\"trx_addons_column-1_3\"><div class=\"sc_icons_item sc_icons_item_linked with_more\"><div class=\"sc_icons_icon sc_icon_type_ icon-map\" style=\"color: #F2E8E6\" ><span class=\"sc_icon_type_ icon-map\" style=\"color: #F2E8E6\"><\/span><\/div><div class=\"sc_icons_item_details\"><h4 class=\"sc_icons_item_title\"><a href=\"https:\/\/maps.app.goo.gl\/WbZSm5yvn3DvV95D9\" target=\"_blank\" rel=\"noopener\">\n                                    Address                                    <\/a><\/h4><div class=\"sc_icons_item_description\"><span>Sakarya Cd. No:18, Buyukada-nizam 34970 Adalar\/Istanbul<\/span><\/div><a href=\"https:\/\/maps.app.goo.gl\/WbZSm5yvn3DvV95D9\" class=\"sc_icons_item_more_link\" target=\"_blank\" rel=\"noopener\">\n                        <span class=\"link_text\">View Location<\/span><span class=\"link_icon\"><\/span>\n                        <\/a><a href=\"https:\/\/maps.app.goo.gl\/WbZSm5yvn3DvV95D9\" class=\"sc_icons_item_link\" target=\"_blank\" rel=\"noopener\">\n                        <\/a><\/div><\/div><\/div><div class=\"trx_addons_column-1_3\"><div class=\"sc_icons_item sc_icons_item_linked with_more\"><div class=\"sc_icons_icon sc_icon_type_ icon-phone-call\" style=\"color: #F2E8E6\" ><span class=\"sc_icon_type_ icon-phone-call\" style=\"color: #F2E8E6\"><\/span><\/div><div class=\"sc_icons_item_details\"><h4 class=\"sc_icons_item_title\"><a href=\"#\">\n                                    Telephone                                    <\/a><\/h4><div class=\"sc_icons_item_description\"><span>-<\/span><\/div><a href=\"#\" class=\"sc_icons_item_more_link\">\n                        <span class=\"link_text\">Search Now<\/span><span class=\"link_icon\"><\/span>\n                        <\/a><a href=\"#\"\n                        class=\"sc_icons_item_link\">\n                        <\/a><\/div><\/div><\/div><div class=\"trx_addons_column-1_3\"><div class=\"sc_icons_item sc_icons_item_linked with_more\"><div class=\"sc_icons_icon sc_icon_type_ icon-globe-light\" style=\"color: #F2E8E6\" ><span class=\"sc_icon_type_ icon-globe-light\" style=\"color: #F2E8E6\"><\/span><\/div><div class=\"sc_icons_item_details\"><h4 class=\"sc_icons_item_title\"><a href=\"#\">\n                                    Website                                    <\/a><\/h4><div class=\"sc_icons_item_description\"><span>-<\/span><\/div><a href=\"#\" class=\"sc_icons_item_more_link\">\n                        <span class=\"link_text\">Go to Site<\/span><span class=\"link_icon\"><\/span>\n                        <\/a><a href=\"#\"\n                        class=\"sc_icons_item_link\">\n                        <\/a><\/div><\/div><\/div><\/div><\/div><!-- \/.sc_icons -->\t\t<\/div>\n\t\t\t\t<\/div>\n\t\t\t\t\t\t<\/div>\n\t\t\t\t\t<\/div>\n\t\t<\/div>\n\t\t\t\t\t\t\t\t<\/div>\n\t\t\t\t\t<\/div>\n\t\t<\/section>\n\t\t\t\t\t\t<\/div>\n\t\t\t\t\t<\/div>\n\t\t<\/div>\n\t\t\t\t\t\t\t\t<\/div>\n\t\t\t\t\t<\/div>\n\t\t<\/section>\n\t\t\t\t\t\t\t\t\t<\/div>\n\t\t\t<\/div>\n\t\t\t\t\t<\/div>","protected":false},"excerpt":{"rendered":"<p>B\u00fcy\u00fckada Church of St. Pacifica - B\u00fcy\u00fckada Church History Among the dozen churches and monasteries of various denominations in B\u00fcy\u00fckada, the largest of the Prince Islands, whose ancient Greek name is Prinkipo, there is the church of St. Pacifica (St...<\/p>","protected":false},"author":1,"featured_media":23447,"parent":22909,"menu_order":0,"comment_status":"closed","ping_status":"closed","template":"","meta":{"om_disable_all_campaigns":false,"footnotes":"","_links_to":"","_links_to_target":""},"class_list":["post-23618","page","type-page","status-publish","has-post-thumbnail","hentry"],"_links":{"self":[{"href":"https:\/\/latinkatolikkilisesiistanbul.com\/en\/wp-json\/wp\/v2\/pages\/23618","targetHints":{"allow":["GET"]}}],"collection":[{"href":"https:\/\/latinkatolikkilisesiistanbul.com\/en\/wp-json\/wp\/v2\/pages"}],"about":[{"href":"https:\/\/latinkatolikkilisesiistanbul.com\/en\/wp-json\/wp\/v2\/types\/page"}],"author":[{"embeddable":true,"href":"https:\/\/latinkatolikkilisesiistanbul.com\/en\/wp-json\/wp\/v2\/users\/1"}],"replies":[{"embeddable":true,"href":"https:\/\/latinkatolikkilisesiistanbul.com\/en\/wp-json\/wp\/v2\/comments?post=23618"}],"version-history":[{"count":19,"href":"https:\/\/latinkatolikkilisesiistanbul.com\/en\/wp-json\/wp\/v2\/pages\/23618\/revisions"}],"predecessor-version":[{"id":24490,"href":"https:\/\/latinkatolikkilisesiistanbul.com\/en\/wp-json\/wp\/v2\/pages\/23618\/revisions\/24490"}],"up":[{"embeddable":true,"href":"https:\/\/latinkatolikkilisesiistanbul.com\/en\/wp-json\/wp\/v2\/pages\/22909"}],"wp:featuredmedia":[{"embeddable":true,"href":"https:\/\/latinkatolikkilisesiistanbul.com\/en\/wp-json\/wp\/v2\/media\/23447"}],"wp:attachment":[{"href":"https:\/\/latinkatolikkilisesiistanbul.com\/en\/wp-json\/wp\/v2\/media?parent=23618"}],"curies":[{"name":"wp","href":"https:\/\/api.w.org\/{rel}","templated":true}]}}