{"id":23615,"date":"2023-11-10T01:03:15","date_gmt":"2023-11-09T22:03:15","guid":{"rendered":"http:\/\/episkopos.mbegetter.com\/?page_id=23615"},"modified":"2024-03-22T16:57:16","modified_gmt":"2024-03-22T13:57:16","slug":"st-pauls-church","status":"publish","type":"page","link":"https:\/\/latinkatolikkilisesiistanbul.com\/en\/our-churches\/istanbul\/st-pauls-church\/","title":{"rendered":"St. Paul's Church"},"content":{"rendered":"<div data-elementor-type=\"wp-page\" data-elementor-id=\"23615\" class=\"elementor elementor-23615\">\n\t\t\t\t\t\t<div class=\"elementor-inner\">\n\t\t\t\t<div class=\"elementor-section-wrap\">\n\t\t\t\t\t\t\t\t\t<section class=\"elementor-section elementor-top-section elementor-element elementor-element-70cf337b elementor-section-boxed elementor-section-height-default elementor-section-height-default sc_fly_static\" data-id=\"70cf337b\" data-element_type=\"section\">\n\t\t\t\t\t\t<div class=\"elementor-container elementor-column-gap-extended\">\n\t\t\t\t\t\t\t<div class=\"elementor-row\">\n\t\t\t\t\t<div class=\"elementor-column elementor-col-50 elementor-top-column elementor-element elementor-element-51da8357 sc_inner_width_none sc_content_align_inherit sc_layouts_column_icons_position_left sc_fly_static\" data-id=\"51da8357\" data-element_type=\"column\">\n\t\t\t<div class=\"elementor-column-wrap elementor-element-populated\">\n\t\t\t\t\t\t\t<div class=\"elementor-widget-wrap\">\n\t\t\t\t\t\t<div class=\"elementor-element elementor-element-3191d82e sc_fly_static elementor-widget elementor-widget-heading\" data-id=\"3191d82e\" data-element_type=\"widget\" data-widget_type=\"heading.default\">\n\t\t\t\t<div class=\"elementor-widget-container\">\n\t\t\t<h2 class=\"elementor-heading-title elementor-size-default\">St. Paul's Church - Nisantasi<\/h2>\t\t<\/div>\n\t\t\t\t<\/div>\n\t\t\t\t<div class=\"elementor-element elementor-element-1dd4d6a1 sc_fly_static elementor-widget elementor-widget-text-editor\" data-id=\"1dd4d6a1\" data-element_type=\"widget\" data-widget_type=\"text-editor.default\">\n\t\t\t\t<div class=\"elementor-widget-container\">\n\t\t\t\t\t\t\t\t<div class=\"elementor-text-editor elementor-clearfix\">\n\t\t\t\t<p>Welcome to the German-speaking Catholic community of St. Paul in Turkey!<\/p><p>Located in the middle of the bustling metropolis of Istanbul, on the European side, very close to the \"American Hospital\" in the Nisantasi neighborhood, on the European side, is the church building of the Catholic Community of St. Paul. The \"Paulussaal\" includes the small parish library, the parish hall, the parish office and a large garden.<\/p><p>Religious services are held on the first and third Sunday of each month. There are also church services on special holidays. More information can be found in the parish bulletin or on the homepage. If you wish, you can also be added to our community mailing list to receive weekly updates about events. Just write us an email: mail(at)stpaul.de<\/p><table><tbody><tr><td width=\"216\"><p>\u00a0<\/p><\/td><td width=\"245\"><p><strong>Opening time:\u00a0 \u00a0 \u00a0\u00a0<\/strong><\/p><\/td><td width=\"246\"><p><strong>Closing time<\/strong><\/p><\/td><\/tr><tr><td width=\"216\"><p>Monday 11 <strong>February<\/strong><\/p><\/td><td width=\"245\"><p>9.30am<\/p><\/td><td width=\"246\"><p>14pm<\/p><\/td><\/tr><tr><td width=\"216\"><p>Monday 18 <strong>February<\/strong><\/p><\/td><td width=\"245\"><p>10am<\/p><\/td><td width=\"246\"><p>12pm<\/p><\/td><\/tr><tr><td width=\"216\"><p>Monday 10 <strong>Mart<\/strong><\/p><\/td><td width=\"245\"><p>10am<\/p><\/td><td width=\"246\"><p>12pm<\/p><\/td><\/tr><tr><td width=\"216\"><p>Monday 24 <strong>Mart<\/strong><\/p><\/td><td width=\"245\"><p>10am<\/p><\/td><td width=\"246\"><p>13pm<\/p><\/td><\/tr><tr><td width=\"216\"><p>Saturday 30 <strong>Mart<\/strong><\/p><\/td><td width=\"245\"><p>18pm<\/p><\/td><td width=\"246\"><p>23pm<\/p><\/td><\/tr><tr><td width=\"216\"><p>Monday 7 <strong>April<\/strong><\/p><\/td><td width=\"245\"><p>17pm<\/p><\/td><td width=\"246\"><p>20pm<\/p><\/td><\/tr><\/tbody><\/table>\t\t\t\t\t<\/div>\n\t\t\t\t\t\t<\/div>\n\t\t\t\t<\/div>\n\t\t\t\t\t\t<\/div>\n\t\t\t\t\t<\/div>\n\t\t<\/div>\n\t\t\t\t<div class=\"elementor-column elementor-col-50 elementor-top-column elementor-element elementor-element-0e8b17f sc_layouts_hide_on_tablet sc_layouts_hide_on_mobile sc_inner_width_none sc_content_align_inherit sc_layouts_column_icons_position_left sc_fly_static\" data-id=\"0e8b17f\" data-element_type=\"column\">\n\t\t\t<div class=\"elementor-column-wrap elementor-element-populated\">\n\t\t\t\t\t\t\t<div class=\"elementor-widget-wrap\">\n\t\t\t\t\t\t<div class=\"elementor-element elementor-element-6888c08 sc_fly_static elementor-widget elementor-widget-heading\" data-id=\"6888c08\" data-element_type=\"widget\" data-widget_type=\"heading.default\">\n\t\t\t\t<div class=\"elementor-widget-container\">\n\t\t\t<h2 class=\"elementor-heading-title elementor-size-default\">Mass Times<\/h2>\t\t<\/div>\n\t\t\t\t<\/div>\n\t\t\t\t<div class=\"elementor-element elementor-element-c0666ab elementor-icon-list--layout-traditional elementor-list-item-link-full_width sc_fly_static elementor-widget elementor-widget-icon-list\" data-id=\"c0666ab\" data-element_type=\"widget\" data-widget_type=\"icon-list.default\">\n\t\t\t\t<div class=\"elementor-widget-container\">\n\t\t\t\t\t<ul class=\"elementor-icon-list-items\">\n\t\t\t\t\t\t\t<li class=\"elementor-icon-list-item\">\n\t\t\t\t\t\t\t\t\t\t\t<span class=\"elementor-icon-list-icon\">\n\t\t\t\t\t\t\t<i aria-hidden=\"true\" class=\"fas fa-clock\"><\/i>\t\t\t\t\t\t<\/span>\n\t\t\t\t\t\t\t\t\t\t<span class=\"elementor-icon-list-text\"><b>1st and 3rd Sunday:<\/b><br> German 10:30<\/span>\n\t\t\t\t\t\t\t\t\t<\/li>\n\t\t\t\t\t\t<\/ul>\n\t\t\t\t<\/div>\n\t\t\t\t<\/div>\n\t\t\t\t\t\t<\/div>\n\t\t\t\t\t<\/div>\n\t\t<\/div>\n\t\t\t\t\t\t\t\t<\/div>\n\t\t\t\t\t<\/div>\n\t\t<\/section>\n\t\t\t\t<section class=\"elementor-section elementor-top-section elementor-element elementor-element-114108d elementor-section-boxed elementor-section-height-default elementor-section-height-default sc_fly_static\" data-id=\"114108d\" data-element_type=\"section\">\n\t\t\t\t\t\t<div class=\"elementor-container elementor-column-gap-extended\">\n\t\t\t\t\t\t\t<div class=\"elementor-row\">\n\t\t\t\t\t<div class=\"elementor-column elementor-col-100 elementor-top-column elementor-element elementor-element-3e8e91c8 sc_inner_width_none sc_content_align_inherit sc_layouts_column_icons_position_left sc_fly_static\" data-id=\"3e8e91c8\" data-element_type=\"column\">\n\t\t\t<div class=\"elementor-column-wrap elementor-element-populated\">\n\t\t\t\t\t\t\t<div class=\"elementor-widget-wrap\">\n\t\t\t\t\t\t<div class=\"elementor-element elementor-element-467eca31 sc_fly_static elementor-widget elementor-widget-image-gallery\" data-id=\"467eca31\" data-element_type=\"widget\" data-widget_type=\"image-gallery.default\">\n\t\t\t\t<div class=\"elementor-widget-container\">\n\t\t\t\t\t<div class=\"elementor-image-gallery\">\n\t\t\t<div id='gallery-1' class='gallery galleryid-23615 gallery-columns-4 gallery-size-trx_addons-thumb-avatar'><figure class='gallery-item'>\n\t\t\t<div class='gallery-icon landscape'>\n\t\t\t\t<a data-elementor-open-lightbox=\"yes\" data-elementor-lightbox-slideshow=\"467eca31\" data-elementor-lightbox-title=\"Saint Paul\" data-e-action-hash=\"#elementor-action%3Aaction%3Dlightbox%26settings%3DeyJpZCI6MjM3NTYsInVybCI6Imh0dHBzOlwvXC9sYXRpbmthdG9saWtraWxpc2VzaWlzdGFuYnVsLmNvbVwvd3AtY29udGVudFwvdXBsb2Fkc1wvMjAyM1wvMTJcL1NhaW50LVBhdWwtc2NhbGVkLmpwZyIsInNsaWRlc2hvdyI6IjQ2N2VjYTMxIn0%3D\" href='https:\/\/latinkatolikkilisesiistanbul.com\/wp-content\/uploads\/2023\/12\/Saint-Paul-scaled.jpg'><img loading=\"lazy\" decoding=\"async\" width=\"370\" height=\"370\" src=\"https:\/\/latinkatolikkilisesiistanbul.com\/wp-content\/uploads\/2023\/12\/Saint-Paul-370x370.jpg\" class=\"attachment-trx_addons-thumb-avatar size-trx_addons-thumb-avatar\" alt=\"\" srcset=\"https:\/\/latinkatolikkilisesiistanbul.com\/wp-content\/uploads\/2023\/12\/Saint-Paul-370x370.jpg 370w, https:\/\/latinkatolikkilisesiistanbul.com\/wp-content\/uploads\/2023\/12\/Saint-Paul-150x150.jpg 150w, https:\/\/latinkatolikkilisesiistanbul.com\/wp-content\/uploads\/2023\/12\/Saint-Paul-120x120.jpg 120w\" sizes=\"auto, (max-width: 600px) 100vw, 370px\" \/><\/a>\n\t\t\t<\/div><\/figure><figure class='gallery-item'>\n\t\t\t<div class='gallery-icon landscape'>\n\t\t\t\t<a data-elementor-open-lightbox=\"yes\" data-elementor-lightbox-slideshow=\"467eca31\" data-elementor-lightbox-title=\"Saint Paul1\" data-e-action-hash=\"#elementor-action%3Aaction%3Dlightbox%26settings%3DeyJpZCI6MjM3NTUsInVybCI6Imh0dHBzOlwvXC9sYXRpbmthdG9saWtraWxpc2VzaWlzdGFuYnVsLmNvbVwvd3AtY29udGVudFwvdXBsb2Fkc1wvMjAyM1wvMTJcL1NhaW50LVBhdWwxLXNjYWxlZC5qcGciLCJzbGlkZXNob3ciOiI0NjdlY2EzMSJ9\" href='https:\/\/latinkatolikkilisesiistanbul.com\/wp-content\/uploads\/2023\/12\/Saint-Paul1-scaled.jpg'><img loading=\"lazy\" decoding=\"async\" width=\"370\" height=\"370\" src=\"https:\/\/latinkatolikkilisesiistanbul.com\/wp-content\/uploads\/2023\/12\/Saint-Paul1-370x370.jpg\" class=\"attachment-trx_addons-thumb-avatar size-trx_addons-thumb-avatar\" alt=\"\" srcset=\"https:\/\/latinkatolikkilisesiistanbul.com\/wp-content\/uploads\/2023\/12\/Saint-Paul1-370x370.jpg 370w, https:\/\/latinkatolikkilisesiistanbul.com\/wp-content\/uploads\/2023\/12\/Saint-Paul1-150x150.jpg 150w, https:\/\/latinkatolikkilisesiistanbul.com\/wp-content\/uploads\/2023\/12\/Saint-Paul1-120x120.jpg 120w\" sizes=\"auto, (max-width: 600px) 100vw, 370px\" \/><\/a>\n\t\t\t<\/div><\/figure>\n\t\t<\/div>\n\t\t<\/div>\n\t\t\t\t<\/div>\n\t\t\t\t<\/div>\n\t\t\t\t\t\t<\/div>\n\t\t\t\t\t<\/div>\n\t\t<\/div>\n\t\t\t\t\t\t\t\t<\/div>\n\t\t\t\t\t<\/div>\n\t\t<\/section>\n\t\t\t\t<section class=\"elementor-section elementor-top-section elementor-element elementor-element-78f97f6a scheme_default elementor-section-boxed elementor-section-height-default elementor-section-height-default sc_fly_static\" data-id=\"78f97f6a\" data-element_type=\"section\">\n\t\t\t\t\t\t<div class=\"elementor-container elementor-column-gap-extended\">\n\t\t\t\t\t\t\t<div class=\"elementor-row\">\n\t\t\t\t\t<div class=\"elementor-column elementor-col-100 elementor-top-column elementor-element elementor-element-64740ebd sc_inner_width_none sc_content_align_inherit sc_layouts_column_icons_position_left sc_fly_static\" data-id=\"64740ebd\" data-element_type=\"column\">\n\t\t\t<div class=\"elementor-column-wrap elementor-element-populated\">\n\t\t\t\t\t\t\t<div class=\"elementor-widget-wrap\">\n\t\t\t\t\t\t<section class=\"elementor-section elementor-inner-section elementor-element elementor-element-76b7f076 elementor-section-boxed elementor-section-height-default elementor-section-height-default sc_fly_static\" data-id=\"76b7f076\" data-element_type=\"section\">\n\t\t\t\t\t\t<div class=\"elementor-container elementor-column-gap-no\">\n\t\t\t\t\t\t\t<div class=\"elementor-row\">\n\t\t\t\t\t<div class=\"elementor-column elementor-col-100 elementor-inner-column elementor-element elementor-element-4c32c389 sc_inner_width_none sc_content_align_inherit sc_layouts_column_icons_position_left sc_fly_static\" data-id=\"4c32c389\" data-element_type=\"column\">\n\t\t\t<div class=\"elementor-column-wrap elementor-element-populated\">\n\t\t\t\t\t\t\t<div class=\"elementor-widget-wrap\">\n\t\t\t\t\t\t<div class=\"elementor-element elementor-element-34c9685d sc_fly_static elementor-widget elementor-widget-trx_sc_icons\" data-id=\"34c9685d\" data-element_type=\"widget\" data-widget_type=\"trx_sc_icons.default\">\n\t\t\t\t<div class=\"elementor-widget-container\">\n\t\t\t<div \tclass=\"sc_icons sc_icons_extra sc_icons_size_large sc_align_center\" ><div class=\"sc_icons_columns_wrap sc_item_columns trx_addons_columns_wrap columns_padding_bottom columns_in_single_row\" ><div class=\"trx_addons_column-1_3\"><div class=\"sc_icons_item sc_icons_item_linked with_more\"><div class=\"sc_icons_icon sc_icon_type_ icon-map\" style=\"color: #F2E8E6\" ><span class=\"sc_icon_type_ icon-map\" style=\"color: #F2E8E6\"><\/span><\/div><div class=\"sc_icons_item_details\"><h4 class=\"sc_icons_item_title\"><a href=\"https:\/\/maps.app.goo.gl\/UBT6P4hw4yRkRd3TA\" target=\"_blank\" rel=\"noopener\">\n                                    Address                                    <\/a><\/h4><div class=\"sc_icons_item_description\"><span>Te\u015fvikiye, B\u00fcy\u00fck \u00c7iftlik Sk. No:22, 34365 Nisantasi - Istanbul<\/span><\/div><a href=\"https:\/\/maps.app.goo.gl\/UBT6P4hw4yRkRd3TA\" class=\"sc_icons_item_more_link\" target=\"_blank\" rel=\"noopener\">\n                        <span class=\"link_text\">View Location<\/span><span class=\"link_icon\"><\/span>\n                        <\/a><a href=\"https:\/\/maps.app.goo.gl\/UBT6P4hw4yRkRd3TA\" class=\"sc_icons_item_link\" target=\"_blank\" rel=\"noopener\">\n                        <\/a><\/div><\/div><\/div><div class=\"trx_addons_column-1_3\"><div class=\"sc_icons_item sc_icons_item_linked with_more\"><div class=\"sc_icons_icon sc_icon_type_ icon-phone-call\" style=\"color: #F2E8E6\" ><span class=\"sc_icon_type_ icon-phone-call\" style=\"color: #F2E8E6\"><\/span><\/div><div class=\"sc_icons_item_details\"><h4 class=\"sc_icons_item_title\"><a href=\"#\">\n                                    Telephone                                    <\/a><\/h4><div class=\"sc_icons_item_description\"><span>-<\/span><\/div><a href=\"#\" class=\"sc_icons_item_more_link\">\n                        <span class=\"link_text\">Search Now<\/span><span class=\"link_icon\"><\/span>\n                        <\/a><a href=\"#\"\n                        class=\"sc_icons_item_link\">\n                        <\/a><\/div><\/div><\/div><div class=\"trx_addons_column-1_3\"><div class=\"sc_icons_item sc_icons_item_linked with_more\"><div class=\"sc_icons_icon sc_icon_type_ icon-globe-light\" style=\"color: #F2E8E6\" ><span class=\"sc_icon_type_ icon-globe-light\" style=\"color: #F2E8E6\"><\/span><\/div><div class=\"sc_icons_item_details\"><div class=\"sc_icons_item_description\"><span><h5>E-Mail<\/h5><\/span><span>mail@stpaul.dewww.stpaul.de<\/span><span><h5>Website<\/h5><\/span><span>www.stpaul.de<\/span><\/div><a href=\"http:\/\/www.stpaul.de\" class=\"sc_icons_item_more_link\" target=\"_blank\" rel=\"noopener\">\n                        <span class=\"link_text\">Go to Site<\/span><span class=\"link_icon\"><\/span>\n                        <\/a><a href=\"http:\/\/www.stpaul.de\" class=\"sc_icons_item_link\" target=\"_blank\" rel=\"noopener\">\n                        <\/a><\/div><\/div><\/div><\/div><\/div><!-- \/.sc_icons -->\t\t<\/div>\n\t\t\t\t<\/div>\n\t\t\t\t\t\t<\/div>\n\t\t\t\t\t<\/div>\n\t\t<\/div>\n\t\t\t\t\t\t\t\t<\/div>\n\t\t\t\t\t<\/div>\n\t\t<\/section>\n\t\t\t\t\t\t<\/div>\n\t\t\t\t\t<\/div>\n\t\t<\/div>\n\t\t\t\t\t\t\t\t<\/div>\n\t\t\t\t\t<\/div>\n\t\t<\/section>\n\t\t\t\t\t\t\t\t\t<\/div>\n\t\t\t<\/div>\n\t\t\t\t\t<\/div>","protected":false},"excerpt":{"rendered":"<p>St. Paul's Church - Nisantasi Welcome to the German-speaking Catholic parish of St. Paul's in Turkey! Located in the middle of the bustling metropolis of Istanbul, on the European side, very close to the \"American Hospital\" in the Nisantasi...<\/p>","protected":false},"author":1,"featured_media":23756,"parent":22909,"menu_order":0,"comment_status":"closed","ping_status":"closed","template":"","meta":{"om_disable_all_campaigns":false,"footnotes":"","_links_to":"","_links_to_target":""},"class_list":["post-23615","page","type-page","status-publish","has-post-thumbnail","hentry"],"_links":{"self":[{"href":"https:\/\/latinkatolikkilisesiistanbul.com\/en\/wp-json\/wp\/v2\/pages\/23615","targetHints":{"allow":["GET"]}}],"collection":[{"href":"https:\/\/latinkatolikkilisesiistanbul.com\/en\/wp-json\/wp\/v2\/pages"}],"about":[{"href":"https:\/\/latinkatolikkilisesiistanbul.com\/en\/wp-json\/wp\/v2\/types\/page"}],"author":[{"embeddable":true,"href":"https:\/\/latinkatolikkilisesiistanbul.com\/en\/wp-json\/wp\/v2\/users\/1"}],"replies":[{"embeddable":true,"href":"https:\/\/latinkatolikkilisesiistanbul.com\/en\/wp-json\/wp\/v2\/comments?post=23615"}],"version-history":[{"count":16,"href":"https:\/\/latinkatolikkilisesiistanbul.com\/en\/wp-json\/wp\/v2\/pages\/23615\/revisions"}],"predecessor-version":[{"id":24471,"href":"https:\/\/latinkatolikkilisesiistanbul.com\/en\/wp-json\/wp\/v2\/pages\/23615\/revisions\/24471"}],"up":[{"embeddable":true,"href":"https:\/\/latinkatolikkilisesiistanbul.com\/en\/wp-json\/wp\/v2\/pages\/22909"}],"wp:featuredmedia":[{"embeddable":true,"href":"https:\/\/latinkatolikkilisesiistanbul.com\/en\/wp-json\/wp\/v2\/media\/23756"}],"wp:attachment":[{"href":"https:\/\/latinkatolikkilisesiistanbul.com\/en\/wp-json\/wp\/v2\/media?parent=23615"}],"curies":[{"name":"wp","href":"https:\/\/api.w.org\/{rel}","templated":true}]}}