{"id":23090,"date":"2023-07-23T18:15:10","date_gmt":"2023-07-23T15:15:10","guid":{"rendered":"http:\/\/episkopos.mbegetter.com\/?page_id=23090"},"modified":"2023-10-31T21:35:26","modified_gmt":"2023-10-31T18:35:26","slug":"meaning-of-the-episcopal-coat-of-arms","status":"publish","type":"page","link":"https:\/\/latinkatolikkilisesiistanbul.com\/en\/episcopacy\/our-bishop\/meaning-of-the-episcopal-coat-of-arms\/","title":{"rendered":"Meaning of the Episcopal Coat of Arms"},"content":{"rendered":"<div data-elementor-type=\"wp-page\" data-elementor-id=\"23090\" class=\"elementor elementor-23090\">\n\t\t\t\t\t\t<div class=\"elementor-inner\">\n\t\t\t\t<div class=\"elementor-section-wrap\">\n\t\t\t\t\t\t\t\t\t<section class=\"elementor-section elementor-top-section elementor-element elementor-element-e43ca31 elementor-section-stretched elementor-section-boxed elementor-section-height-default elementor-section-height-default sc_fly_static\" data-id=\"e43ca31\" data-element_type=\"section\" data-settings=\"{&quot;stretch_section&quot;:&quot;section-stretched&quot;,&quot;background_background&quot;:&quot;classic&quot;}\">\n\t\t\t\t\t\t<div class=\"elementor-container elementor-column-gap-extended\">\n\t\t\t\t\t\t\t<div class=\"elementor-row\">\n\t\t\t\t\t<div class=\"elementor-column elementor-col-100 elementor-top-column elementor-element elementor-element-78aead8 sc_inner_width_none sc_content_align_inherit sc_layouts_column_icons_position_left sc_fly_static\" data-id=\"78aead8\" data-element_type=\"column\">\n\t\t\t<div class=\"elementor-column-wrap elementor-element-populated\">\n\t\t\t\t\t\t\t<div class=\"elementor-widget-wrap\">\n\t\t\t\t\t\t<div class=\"elementor-element elementor-element-f1a2e44 sc_fly_static elementor-widget elementor-widget-image\" data-id=\"f1a2e44\" data-element_type=\"widget\" data-widget_type=\"image.default\">\n\t\t\t\t<div class=\"elementor-widget-container\">\n\t\t\t\t\t\t\t\t<div class=\"elementor-image\">\n\t\t\t\t\t\t\t\t\t\t\t\t<img loading=\"lazy\" decoding=\"async\" width=\"724\" height=\"1024\" src=\"https:\/\/latinkatolikkilisesiistanbul.com\/wp-content\/uploads\/2021\/05\/logo-724x1024.jpg\" class=\"attachment-large size-large wp-image-23299\" alt=\"\" srcset=\"https:\/\/latinkatolikkilisesiistanbul.com\/wp-content\/uploads\/2021\/05\/logo-724x1024.jpg 724w, https:\/\/latinkatolikkilisesiistanbul.com\/wp-content\/uploads\/2021\/05\/logo-212x300.jpg 212w, https:\/\/latinkatolikkilisesiistanbul.com\/wp-content\/uploads\/2021\/05\/logo-768x1086.jpg 768w, https:\/\/latinkatolikkilisesiistanbul.com\/wp-content\/uploads\/2021\/05\/logo-1086x1536.jpg 1086w, https:\/\/latinkatolikkilisesiistanbul.com\/wp-content\/uploads\/2021\/05\/logo-370x523.jpg 370w, https:\/\/latinkatolikkilisesiistanbul.com\/wp-content\/uploads\/2021\/05\/logo-840x1188.jpg 840w, https:\/\/latinkatolikkilisesiistanbul.com\/wp-content\/uploads\/2021\/05\/logo-410x580.jpg 410w, https:\/\/latinkatolikkilisesiistanbul.com\/wp-content\/uploads\/2021\/05\/logo.jpg 1131w\" sizes=\"auto, (max-width: 724px) 100vw, 724px\" \/>\t\t\t\t\t\t\t\t\t\t\t\t\t\t<\/div>\n\t\t\t\t\t\t<\/div>\n\t\t\t\t<\/div>\n\t\t\t\t<div class=\"elementor-element elementor-element-d916841 sc_fly_static elementor-widget elementor-widget-heading\" data-id=\"d916841\" data-element_type=\"widget\" data-widget_type=\"heading.default\">\n\t\t\t\t<div class=\"elementor-widget-container\">\n\t\t\t<h2 class=\"elementor-heading-title elementor-size-default\">Msgr. Massimiliano Palinuro's Episcopal Coat of Arms\n<\/h2>\t\t<\/div>\n\t\t\t\t<\/div>\n\t\t\t\t<div class=\"elementor-element elementor-element-bb9d9a8 sc_fly_static elementor-widget elementor-widget-text-editor\" data-id=\"bb9d9a8\" data-element_type=\"widget\" data-widget_type=\"text-editor.default\">\n\t\t\t\t<div class=\"elementor-widget-container\">\n\t\t\t\t\t\t\t\t<div class=\"elementor-text-editor elementor-clearfix\">\n\t\t\t\t<p>The coat of arms of the Episcopate follows, with some modifications, the ecclesiastical heraldic tradition of the Catholic Church: The cross is replaced by the Tau (the last letter of the Hebrew alphabet, chosen for its resemblance to the Cross, used by St. Francis of Assisi to sign his writings), mentioned in Ezekiel 9, 4 as a symbol of salvation, and placed behind the shield. The episcopal hat (called galero) has twelve green tassels hanging from the sides, six on each side, referring to the episcopal order.<\/p><p>The icons inside the shield are bisected by a blue background, with \"In Cristo (In Christ)\" at the end connecting everything.\u00a0<\/p><p>The sun on the left symbolizes Jesus Christ, the Sun of justice (Luke, 1, 78, 79), foretold from above by the prophet Malachi (Malachi, 4, 2), and sung as the main refrain in preparation for Christmas. The inverted cross is a symbol of martyrdom and of the Apostle Peter, bishop of the Church of Rome, who ruled with Love.<br \/>is the symbol of his throne.<\/p><p>On the right side, the eight-pointed star is the symbol of the iconographic tradition representing Mary, the Mother of God, the star of the sea and the morning star leading the way to her son Jesus Christ.<\/p><p>Cross (x-shaped) Peter's brother and the \"first<br \/>called\" (cf. John 1, 40) and the martyrdom of St. Andrea, patron saint of the Greek Orthodox Church of Constantinople (now Istanbul).<\/p><p>Below, in the middle: the bridge symbolizes a triple meaning:<\/p><p>1 The symbol of the city of Istanbul that connects two continents.<\/p><p>2 Personal commitment to the unity of Christians and all nations and\u00a0<span style=\"font-size: 17px; background-color: var(--theme-color-bg_color); color: var(--theme-color-text); letter-spacing: 0.1px;\">Istanbul\u00a0<\/span><span style=\"font-size: 17px; background-color: var(--theme-color-bg_color); color: var(--theme-color-text); letter-spacing: 0.1px;\">Church's commitment.<\/span><\/p><p><span style=\"font-size: 17px; background-color: var(--theme-color-bg_color); color: var(--theme-color-text); letter-spacing: 0.1px;\">3 In my homeland, Mexico, in the city of Cortazar, where I come from, the city and the countryside\u00a0<\/span><span style=\"font-size: 17px; background-color: var(--theme-color-bg_color); color: var(--theme-color-text); letter-spacing: 0.1px;\">symbolizes the small bridge over the Rio Laja river that separates the region.<\/span><\/p><p>All: These symbols are gathered in the form of a cup in which the episcopal office as a whole is offered to God. Symbolism of Nature: The sun, star and water, together with the Tau, recall the praise of God by Creation according to Franciscan tradition.<\/p>\t\t\t\t\t<\/div>\n\t\t\t\t\t\t<\/div>\n\t\t\t\t<\/div>\n\t\t\t\t<div class=\"elementor-element elementor-element-e4573cf sc_fly_static elementor-widget elementor-widget-heading\" data-id=\"e4573cf\" data-element_type=\"widget\" data-widget_type=\"heading.default\">\n\t\t\t\t<div class=\"elementor-widget-container\">\n\t\t\t<h2 class=\"elementor-heading-title elementor-size-default\">UNUM IN CHRISTO\n<\/h2>\t\t<\/div>\n\t\t\t\t<\/div>\n\t\t\t\t<div class=\"elementor-element elementor-element-c49e3aa sc_fly_static elementor-widget elementor-widget-text-editor\" data-id=\"c49e3aa\" data-element_type=\"widget\" data-widget_type=\"text-editor.default\">\n\t\t\t\t<div class=\"elementor-widget-container\">\n\t\t\t\t\t\t\t\t<div class=\"elementor-text-editor elementor-clearfix\">\n\t\t\t\tThe motto of the Episcopate is taken from the Latin text of the Epistle of St. Paul the Apostle to the Romans: \"We who are many are one body in Christ and members one of another\" (Romans, 12, 5).\t\t\t\t\t<\/div>\n\t\t\t\t\t\t<\/div>\n\t\t\t\t<\/div>\n\t\t\t\t\t\t<\/div>\n\t\t\t\t\t<\/div>\n\t\t<\/div>\n\t\t\t\t\t\t\t\t<\/div>\n\t\t\t\t\t<\/div>\n\t\t<\/section>\n\t\t\t\t\t\t\t\t\t<\/div>\n\t\t\t<\/div>\n\t\t\t\t\t<\/div>","protected":false},"excerpt":{"rendered":"<p>Msgr. Massimiliano Palinuro\u2019un Episkoposluk Armas\u0131 Episkoposluk armas\u0131, baz\u0131 de\u011fi\u015fikliklerle, Katolik Kilisesi\u2019nin kiliseye dair m\u00fcjdeleyici gelene\u011fini izler: Ha\u00e7; Hezekiel 9, 4\u2019te bir kurtulu\u015f simgesi olarak belirtilen Tau (\u0130brani alfabesinin son harfi,&hellip;<\/p>","protected":false},"author":1,"featured_media":0,"parent":23082,"menu_order":0,"comment_status":"closed","ping_status":"closed","template":"","meta":{"om_disable_all_campaigns":false,"footnotes":"","_links_to":"","_links_to_target":""},"class_list":["post-23090","page","type-page","status-publish","hentry"],"_links":{"self":[{"href":"https:\/\/latinkatolikkilisesiistanbul.com\/en\/wp-json\/wp\/v2\/pages\/23090","targetHints":{"allow":["GET"]}}],"collection":[{"href":"https:\/\/latinkatolikkilisesiistanbul.com\/en\/wp-json\/wp\/v2\/pages"}],"about":[{"href":"https:\/\/latinkatolikkilisesiistanbul.com\/en\/wp-json\/wp\/v2\/types\/page"}],"author":[{"embeddable":true,"href":"https:\/\/latinkatolikkilisesiistanbul.com\/en\/wp-json\/wp\/v2\/users\/1"}],"replies":[{"embeddable":true,"href":"https:\/\/latinkatolikkilisesiistanbul.com\/en\/wp-json\/wp\/v2\/comments?post=23090"}],"version-history":[{"count":13,"href":"https:\/\/latinkatolikkilisesiistanbul.com\/en\/wp-json\/wp\/v2\/pages\/23090\/revisions"}],"predecessor-version":[{"id":23505,"href":"https:\/\/latinkatolikkilisesiistanbul.com\/en\/wp-json\/wp\/v2\/pages\/23090\/revisions\/23505"}],"up":[{"embeddable":true,"href":"https:\/\/latinkatolikkilisesiistanbul.com\/en\/wp-json\/wp\/v2\/pages\/23082"}],"wp:attachment":[{"href":"https:\/\/latinkatolikkilisesiistanbul.com\/en\/wp-json\/wp\/v2\/media?parent=23090"}],"curies":[{"name":"wp","href":"https:\/\/api.w.org\/{rel}","templated":true}]}}