{"id":22989,"date":"2023-07-23T16:39:10","date_gmt":"2023-07-23T13:39:10","guid":{"rendered":"http:\/\/episkopos.mbegetter.com\/?page_id=22989"},"modified":"2024-03-22T16:54:58","modified_gmt":"2024-03-22T13:54:58","slug":"saint-stefanos-latin-catholic-church","status":"publish","type":"page","link":"https:\/\/latinkatolikkilisesiistanbul.com\/en\/our-churches\/istanbul\/saint-stefanos-latin-catholic-church\/","title":{"rendered":"St. Stefanos Latin Catholic Church"},"content":{"rendered":"<div data-elementor-type=\"wp-page\" data-elementor-id=\"22989\" class=\"elementor elementor-22989\">\n\t\t\t\t\t\t<div class=\"elementor-inner\">\n\t\t\t\t<div class=\"elementor-section-wrap\">\n\t\t\t\t\t\t\t\t\t<section class=\"elementor-section elementor-top-section elementor-element elementor-element-4d3a9adb elementor-section-boxed elementor-section-height-default elementor-section-height-default sc_fly_static\" data-id=\"4d3a9adb\" data-element_type=\"section\">\n\t\t\t\t\t\t<div class=\"elementor-container elementor-column-gap-extended\">\n\t\t\t\t\t\t\t<div class=\"elementor-row\">\n\t\t\t\t\t<div class=\"elementor-column elementor-col-50 elementor-top-column elementor-element elementor-element-2713e218 sc_inner_width_none sc_content_align_inherit sc_layouts_column_icons_position_left sc_fly_static\" data-id=\"2713e218\" data-element_type=\"column\">\n\t\t\t<div class=\"elementor-column-wrap elementor-element-populated\">\n\t\t\t\t\t\t\t<div class=\"elementor-widget-wrap\">\n\t\t\t\t\t\t<div class=\"elementor-element elementor-element-3594d86b sc_fly_static elementor-widget elementor-widget-heading\" data-id=\"3594d86b\" data-element_type=\"widget\" data-widget_type=\"heading.default\">\n\t\t\t\t<div class=\"elementor-widget-container\">\n\t\t\t<h2 class=\"elementor-heading-title elementor-size-default\">St. Stefanos Latin Catholic Church<\/h2>\t\t<\/div>\n\t\t\t\t<\/div>\n\t\t\t\t<div class=\"elementor-element elementor-element-599d85f4 sc_fly_static elementor-widget elementor-widget-text-editor\" data-id=\"599d85f4\" data-element_type=\"widget\" data-widget_type=\"text-editor.default\">\n\t\t\t\t<div class=\"elementor-widget-container\">\n\t\t\t\t\t\t\t\t<div class=\"elementor-text-editor elementor-clearfix\">\n\t\t\t\t<p>St. Stephen was the first martyr of Christianity. In the fourth century, the Byzantine Empire brought the bones of St. Stephen from Palestine to Constantinople.<br \/>to bring them back. These bones were then sent on their way to Italy. But off the coast of today's Ye\u015filk\u00f6y, the ship was caught in a storm and<br \/>they had to go ashore. A tent was erected on the landing and a church dedicated to St. Stefonos was built on the site of this tent. St.<br \/>St. Stefanos Church is led by Franciscan Capuchin priests. Services are offered in Turkish and Italian.<\/p><table><tbody><tr><td width=\"217\"><p>\u00a0<\/p><\/td><td width=\"245\"><p>Opening time:\u00a0 \u00a0 \u00a0 \u00a0 \u00a0 \u00a0 \u00a0 \u00a0 \u00a0 \u00a0\u00a0<\/p><\/td><td width=\"246\"><p>Closing time<\/p><\/td><\/tr><tr><td width=\"217\"><p>Monday<\/p><\/td><td width=\"245\"><p>8am<\/p><\/td><td width=\"246\"><p>19am<\/p><\/td><\/tr><tr><td width=\"217\"><p>Tuesday<\/p><\/td><td width=\"245\"><p>8am<\/p><\/td><td width=\"246\"><p>19am<\/p><\/td><\/tr><tr><td width=\"217\"><p>Wednesday<\/p><\/td><td width=\"245\"><p>8am<\/p><\/td><td width=\"246\"><p>19am<\/p><\/td><\/tr><tr><td width=\"217\"><p>Thursday<\/p><\/td><td width=\"245\"><p>8am<\/p><\/td><td width=\"246\"><p>19am<\/p><\/td><\/tr><tr><td width=\"217\"><p>Friday<\/p><\/td><td width=\"245\"><p>8am<\/p><\/td><td width=\"246\"><p>19am<\/p><\/td><\/tr><tr><td width=\"217\"><p>Saturday<\/p><\/td><td width=\"245\"><p>8am<\/p><\/td><td width=\"246\"><p>19am<\/p><\/td><\/tr><tr><td width=\"217\"><p>Sunday morning<\/p><\/td><td width=\"245\"><p>8am<\/p><\/td><td width=\"246\"><p>19am<\/p><\/td><\/tr><tr><td width=\"217\"><p>Sunday evening<\/p><\/td><td width=\"245\"><p>8am<\/p><\/td><td width=\"246\"><p>19am<\/p><\/td><\/tr><\/tbody><\/table>\t\t\t\t\t<\/div>\n\t\t\t\t\t\t<\/div>\n\t\t\t\t<\/div>\n\t\t\t\t\t\t<\/div>\n\t\t\t\t\t<\/div>\n\t\t<\/div>\n\t\t\t\t<div class=\"elementor-column elementor-col-50 elementor-top-column elementor-element elementor-element-88592ad sc_layouts_hide_on_tablet sc_layouts_hide_on_mobile sc_inner_width_none sc_content_align_inherit sc_layouts_column_icons_position_left sc_fly_static\" data-id=\"88592ad\" data-element_type=\"column\">\n\t\t\t<div class=\"elementor-column-wrap elementor-element-populated\">\n\t\t\t\t\t\t\t<div class=\"elementor-widget-wrap\">\n\t\t\t\t\t\t<div class=\"elementor-element elementor-element-6fe488b sc_fly_static elementor-widget elementor-widget-heading\" data-id=\"6fe488b\" data-element_type=\"widget\" data-widget_type=\"heading.default\">\n\t\t\t\t<div class=\"elementor-widget-container\">\n\t\t\t<h2 class=\"elementor-heading-title elementor-size-default\">Mass Times<\/h2>\t\t<\/div>\n\t\t\t\t<\/div>\n\t\t\t\t<div class=\"elementor-element elementor-element-e73cc5d elementor-icon-list--layout-traditional elementor-list-item-link-full_width sc_fly_static elementor-widget elementor-widget-icon-list\" data-id=\"e73cc5d\" data-element_type=\"widget\" data-widget_type=\"icon-list.default\">\n\t\t\t\t<div class=\"elementor-widget-container\">\n\t\t\t\t\t<ul class=\"elementor-icon-list-items\">\n\t\t\t\t\t\t\t<li class=\"elementor-icon-list-item\">\n\t\t\t\t\t\t\t\t\t\t\t<span class=\"elementor-icon-list-icon\">\n\t\t\t\t\t\t\t<i aria-hidden=\"true\" class=\"fas fa-clock\"><\/i>\t\t\t\t\t\t<\/span>\n\t\t\t\t\t\t\t\t\t\t<span class=\"elementor-icon-list-text\"><b>Monday-Saturday<\/b><br> Turkish 18:00<\/span>\n\t\t\t\t\t\t\t\t\t<\/li>\n\t\t\t\t\t\t\t\t<li class=\"elementor-icon-list-item\">\n\t\t\t\t\t\t\t\t\t\t\t<span class=\"elementor-icon-list-icon\">\n\t\t\t\t\t\t\t<i aria-hidden=\"true\" class=\"fas fa-clock\"><\/i>\t\t\t\t\t\t<\/span>\n\t\t\t\t\t\t\t\t\t\t<span class=\"elementor-icon-list-text\"><b>Sunday:<\/b><br> Turkish 10:30<\/span>\n\t\t\t\t\t\t\t\t\t<\/li>\n\t\t\t\t\t\t<\/ul>\n\t\t\t\t<\/div>\n\t\t\t\t<\/div>\n\t\t\t\t\t\t<\/div>\n\t\t\t\t\t<\/div>\n\t\t<\/div>\n\t\t\t\t\t\t\t\t<\/div>\n\t\t\t\t\t<\/div>\n\t\t<\/section>\n\t\t\t\t<section class=\"elementor-section elementor-top-section elementor-element elementor-element-4266d62c elementor-section-boxed elementor-section-height-default elementor-section-height-default sc_fly_static\" data-id=\"4266d62c\" data-element_type=\"section\">\n\t\t\t\t\t\t<div class=\"elementor-container elementor-column-gap-extended\">\n\t\t\t\t\t\t\t<div class=\"elementor-row\">\n\t\t\t\t\t<div class=\"elementor-column elementor-col-100 elementor-top-column elementor-element elementor-element-2dacb92e sc_inner_width_none sc_content_align_inherit sc_layouts_column_icons_position_left sc_fly_static\" data-id=\"2dacb92e\" data-element_type=\"column\">\n\t\t\t<div class=\"elementor-column-wrap elementor-element-populated\">\n\t\t\t\t\t\t\t<div class=\"elementor-widget-wrap\">\n\t\t\t\t\t\t<div class=\"elementor-element elementor-element-55225502 sc_fly_static elementor-widget elementor-widget-image-gallery\" data-id=\"55225502\" data-element_type=\"widget\" data-widget_type=\"image-gallery.default\">\n\t\t\t\t<div class=\"elementor-widget-container\">\n\t\t\t\t\t<div class=\"elementor-image-gallery\">\n\t\t\t<div id='gallery-1' class='gallery galleryid-22989 gallery-columns-4 gallery-size-trx_addons-thumb-avatar'><figure class='gallery-item'>\n\t\t\t<div class='gallery-icon landscape'>\n\t\t\t\t<a data-elementor-open-lightbox=\"yes\" data-elementor-lightbox-slideshow=\"55225502\" data-elementor-lightbox-title=\"370533131_0VKNOONattqr5aQQO9oqPO9VgOxS08cQyWufyp7bBk0\" data-e-action-hash=\"#elementor-action%3Aaction%3Dlightbox%26settings%3DeyJpZCI6MjMwMDQsInVybCI6Imh0dHBzOlwvXC9sYXRpbmthdG9saWtraWxpc2VzaWlzdGFuYnVsLmNvbVwvd3AtY29udGVudFwvdXBsb2Fkc1wvMjAyM1wvMDdcLzM3MDUzMzEzMV8wVktOT09OYXR0cXI1YVFRTzlvcVBPOVZnT3hTMDhjUXlXdWZ5cDdiQmswLmpwZyIsInNsaWRlc2hvdyI6IjU1MjI1NTAyIn0%3D\" href='https:\/\/latinkatolikkilisesiistanbul.com\/wp-content\/uploads\/2023\/07\/370533131_0VKNOONattqr5aQQO9oqPO9VgOxS08cQyWufyp7bBk0.jpg'><img loading=\"lazy\" decoding=\"async\" width=\"370\" height=\"370\" src=\"https:\/\/latinkatolikkilisesiistanbul.com\/wp-content\/uploads\/2023\/07\/370533131_0VKNOONattqr5aQQO9oqPO9VgOxS08cQyWufyp7bBk0-370x370.jpg\" class=\"attachment-trx_addons-thumb-avatar size-trx_addons-thumb-avatar\" alt=\"\" srcset=\"https:\/\/latinkatolikkilisesiistanbul.com\/wp-content\/uploads\/2023\/07\/370533131_0VKNOONattqr5aQQO9oqPO9VgOxS08cQyWufyp7bBk0-370x370.jpg 370w, https:\/\/latinkatolikkilisesiistanbul.com\/wp-content\/uploads\/2023\/07\/370533131_0VKNOONattqr5aQQO9oqPO9VgOxS08cQyWufyp7bBk0-300x300.jpg 300w, https:\/\/latinkatolikkilisesiistanbul.com\/wp-content\/uploads\/2023\/07\/370533131_0VKNOONattqr5aQQO9oqPO9VgOxS08cQyWufyp7bBk0-150x150.jpg 150w, https:\/\/latinkatolikkilisesiistanbul.com\/wp-content\/uploads\/2023\/07\/370533131_0VKNOONattqr5aQQO9oqPO9VgOxS08cQyWufyp7bBk0-120x120.jpg 120w, https:\/\/latinkatolikkilisesiistanbul.com\/wp-content\/uploads\/2023\/07\/370533131_0VKNOONattqr5aQQO9oqPO9VgOxS08cQyWufyp7bBk0-410x410.jpg 410w, https:\/\/latinkatolikkilisesiistanbul.com\/wp-content\/uploads\/2023\/07\/370533131_0VKNOONattqr5aQQO9oqPO9VgOxS08cQyWufyp7bBk0.jpg 600w\" sizes=\"auto, (max-width: 600px) 100vw, 370px\" \/><\/a>\n\t\t\t<\/div><\/figure><figure class='gallery-item'>\n\t\t\t<div class='gallery-icon landscape'>\n\t\t\t\t<a data-elementor-open-lightbox=\"yes\" data-elementor-lightbox-slideshow=\"55225502\" data-elementor-lightbox-title=\"30310509_ROt3toidJco1F5DCSdc-zx0kaErqIOj_QUkLq3fVD9Q\" data-e-action-hash=\"#elementor-action%3Aaction%3Dlightbox%26settings%3DeyJpZCI6MjMwMDIsInVybCI6Imh0dHBzOlwvXC9sYXRpbmthdG9saWtraWxpc2VzaWlzdGFuYnVsLmNvbVwvd3AtY29udGVudFwvdXBsb2Fkc1wvMjAyM1wvMDdcLzMwMzEwNTA5X1JPdDN0b2lkSmNvMUY1RENTZGMtengwa2FFcnFJT2pfUVVrTHEzZlZEOVEuanBnIiwic2xpZGVzaG93IjoiNTUyMjU1MDIifQ%3D%3D\" href='https:\/\/latinkatolikkilisesiistanbul.com\/wp-content\/uploads\/2023\/07\/30310509_ROt3toidJco1F5DCSdc-zx0kaErqIOj_QUkLq3fVD9Q.jpg'><img loading=\"lazy\" decoding=\"async\" width=\"370\" height=\"370\" src=\"https:\/\/latinkatolikkilisesiistanbul.com\/wp-content\/uploads\/2023\/07\/30310509_ROt3toidJco1F5DCSdc-zx0kaErqIOj_QUkLq3fVD9Q-370x370.jpg\" class=\"attachment-trx_addons-thumb-avatar size-trx_addons-thumb-avatar\" alt=\"\" srcset=\"https:\/\/latinkatolikkilisesiistanbul.com\/wp-content\/uploads\/2023\/07\/30310509_ROt3toidJco1F5DCSdc-zx0kaErqIOj_QUkLq3fVD9Q-370x370.jpg 370w, https:\/\/latinkatolikkilisesiistanbul.com\/wp-content\/uploads\/2023\/07\/30310509_ROt3toidJco1F5DCSdc-zx0kaErqIOj_QUkLq3fVD9Q-300x300.jpg 300w, https:\/\/latinkatolikkilisesiistanbul.com\/wp-content\/uploads\/2023\/07\/30310509_ROt3toidJco1F5DCSdc-zx0kaErqIOj_QUkLq3fVD9Q-150x150.jpg 150w, https:\/\/latinkatolikkilisesiistanbul.com\/wp-content\/uploads\/2023\/07\/30310509_ROt3toidJco1F5DCSdc-zx0kaErqIOj_QUkLq3fVD9Q-120x120.jpg 120w, https:\/\/latinkatolikkilisesiistanbul.com\/wp-content\/uploads\/2023\/07\/30310509_ROt3toidJco1F5DCSdc-zx0kaErqIOj_QUkLq3fVD9Q-410x410.jpg 410w, https:\/\/latinkatolikkilisesiistanbul.com\/wp-content\/uploads\/2023\/07\/30310509_ROt3toidJco1F5DCSdc-zx0kaErqIOj_QUkLq3fVD9Q.jpg 600w\" sizes=\"auto, (max-width: 600px) 100vw, 370px\" \/><\/a>\n\t\t\t<\/div><\/figure><figure class='gallery-item'>\n\t\t\t<div class='gallery-icon landscape'>\n\t\t\t\t<a data-elementor-open-lightbox=\"yes\" data-elementor-lightbox-slideshow=\"55225502\" data-elementor-lightbox-title=\"cilgin-rotalar-yesilkoy6-1\" data-e-action-hash=\"#elementor-action%3Aaction%3Dlightbox%26settings%3DeyJpZCI6MjMwMDMsInVybCI6Imh0dHBzOlwvXC9sYXRpbmthdG9saWtraWxpc2VzaWlzdGFuYnVsLmNvbVwvd3AtY29udGVudFwvdXBsb2Fkc1wvMjAyM1wvMDdcL2NpbGdpbi1yb3RhbGFyLXllc2lsa295Ni0xLmpwZyIsInNsaWRlc2hvdyI6IjU1MjI1NTAyIn0%3D\" href='https:\/\/latinkatolikkilisesiistanbul.com\/wp-content\/uploads\/2023\/07\/cilgin-rotalar-yesilkoy6-1.jpg'><img loading=\"lazy\" decoding=\"async\" width=\"370\" height=\"370\" src=\"https:\/\/latinkatolikkilisesiistanbul.com\/wp-content\/uploads\/2023\/07\/cilgin-rotalar-yesilkoy6-1-370x370.jpg\" class=\"attachment-trx_addons-thumb-avatar size-trx_addons-thumb-avatar\" alt=\"\" srcset=\"https:\/\/latinkatolikkilisesiistanbul.com\/wp-content\/uploads\/2023\/07\/cilgin-rotalar-yesilkoy6-1-370x370.jpg 370w, https:\/\/latinkatolikkilisesiistanbul.com\/wp-content\/uploads\/2023\/07\/cilgin-rotalar-yesilkoy6-1-150x150.jpg 150w, https:\/\/latinkatolikkilisesiistanbul.com\/wp-content\/uploads\/2023\/07\/cilgin-rotalar-yesilkoy6-1-120x120.jpg 120w\" sizes=\"auto, (max-width: 600px) 100vw, 370px\" \/><\/a>\n\t\t\t<\/div><\/figure><figure class='gallery-item'>\n\t\t\t<div class='gallery-icon landscape'>\n\t\t\t\t<a data-elementor-open-lightbox=\"yes\" data-elementor-lightbox-slideshow=\"55225502\" data-elementor-lightbox-title=\"20210720_094136-scaled\" data-e-action-hash=\"#elementor-action%3Aaction%3Dlightbox%26settings%3DeyJpZCI6MjMwMDUsInVybCI6Imh0dHBzOlwvXC9sYXRpbmthdG9saWtraWxpc2VzaWlzdGFuYnVsLmNvbVwvd3AtY29udGVudFwvdXBsb2Fkc1wvMjAyM1wvMDdcLzIwMjEwNzIwXzA5NDEzNi1zY2FsZWQtMS5qcGciLCJzbGlkZXNob3ciOiI1NTIyNTUwMiJ9\" href='https:\/\/latinkatolikkilisesiistanbul.com\/wp-content\/uploads\/2023\/07\/20210720_094136-scaled-1.jpg'><img loading=\"lazy\" decoding=\"async\" width=\"370\" height=\"370\" src=\"https:\/\/latinkatolikkilisesiistanbul.com\/wp-content\/uploads\/2023\/07\/20210720_094136-scaled-1-370x370.jpg\" class=\"attachment-trx_addons-thumb-avatar size-trx_addons-thumb-avatar\" alt=\"\" srcset=\"https:\/\/latinkatolikkilisesiistanbul.com\/wp-content\/uploads\/2023\/07\/20210720_094136-scaled-1-370x370.jpg 370w, https:\/\/latinkatolikkilisesiistanbul.com\/wp-content\/uploads\/2023\/07\/20210720_094136-scaled-1-150x150.jpg 150w, https:\/\/latinkatolikkilisesiistanbul.com\/wp-content\/uploads\/2023\/07\/20210720_094136-scaled-1-120x120.jpg 120w\" sizes=\"auto, (max-width: 600px) 100vw, 370px\" \/><\/a>\n\t\t\t<\/div><\/figure>\n\t\t<\/div>\n\t\t<\/div>\n\t\t\t\t<\/div>\n\t\t\t\t<\/div>\n\t\t\t\t\t\t<\/div>\n\t\t\t\t\t<\/div>\n\t\t<\/div>\n\t\t\t\t\t\t\t\t<\/div>\n\t\t\t\t\t<\/div>\n\t\t<\/section>\n\t\t\t\t<section class=\"elementor-section elementor-top-section elementor-element elementor-element-560ed0c0 scheme_default elementor-section-boxed elementor-section-height-default elementor-section-height-default sc_fly_static\" data-id=\"560ed0c0\" data-element_type=\"section\">\n\t\t\t\t\t\t<div class=\"elementor-container elementor-column-gap-extended\">\n\t\t\t\t\t\t\t<div class=\"elementor-row\">\n\t\t\t\t\t<div class=\"elementor-column elementor-col-100 elementor-top-column elementor-element elementor-element-40f22245 sc_inner_width_none sc_content_align_inherit sc_layouts_column_icons_position_left sc_fly_static\" data-id=\"40f22245\" data-element_type=\"column\">\n\t\t\t<div class=\"elementor-column-wrap elementor-element-populated\">\n\t\t\t\t\t\t\t<div class=\"elementor-widget-wrap\">\n\t\t\t\t\t\t<section class=\"elementor-section elementor-inner-section elementor-element elementor-element-32cd722a elementor-section-boxed elementor-section-height-default elementor-section-height-default sc_fly_static\" data-id=\"32cd722a\" data-element_type=\"section\">\n\t\t\t\t\t\t<div class=\"elementor-container elementor-column-gap-no\">\n\t\t\t\t\t\t\t<div class=\"elementor-row\">\n\t\t\t\t\t<div class=\"elementor-column elementor-col-100 elementor-inner-column elementor-element elementor-element-4d2f4dc4 sc_inner_width_none sc_content_align_inherit sc_layouts_column_icons_position_left sc_fly_static\" data-id=\"4d2f4dc4\" data-element_type=\"column\">\n\t\t\t<div class=\"elementor-column-wrap elementor-element-populated\">\n\t\t\t\t\t\t\t<div class=\"elementor-widget-wrap\">\n\t\t\t\t\t\t<div class=\"elementor-element elementor-element-7927deeb sc_fly_static elementor-widget elementor-widget-trx_sc_icons\" data-id=\"7927deeb\" data-element_type=\"widget\" data-widget_type=\"trx_sc_icons.default\">\n\t\t\t\t<div class=\"elementor-widget-container\">\n\t\t\t<div \tclass=\"sc_icons sc_icons_extra sc_icons_size_large sc_align_center\" ><div class=\"sc_icons_columns_wrap sc_item_columns trx_addons_columns_wrap columns_padding_bottom columns_in_single_row\" ><div class=\"trx_addons_column-1_3\"><div class=\"sc_icons_item sc_icons_item_linked with_more\"><div class=\"sc_icons_icon sc_icon_type_ icon-map\" style=\"color: #F2E8E6\" ><span class=\"sc_icon_type_ icon-map\" style=\"color: #F2E8E6\"><\/span><\/div><div class=\"sc_icons_item_details\"><h4 class=\"sc_icons_item_title\"><a href=\"https:\/\/maps.app.goo.gl\/KjTwEjodSStvM2zQ6\" target=\"_blank\" rel=\"noopener\">\n                                    Address                                    <\/a><\/h4><div class=\"sc_icons_item_description\"><span>Yesilkoy, C\u00fcmb\u00fc\u015f Sk. No:8, 34149 Bakirkoy\/Istanbul, Turchia<\/span><\/div><a href=\"https:\/\/maps.app.goo.gl\/KjTwEjodSStvM2zQ6\" class=\"sc_icons_item_more_link\" target=\"_blank\" rel=\"noopener\">\n                        <span class=\"link_text\">View Location<\/span><span class=\"link_icon\"><\/span>\n                        <\/a><a href=\"https:\/\/maps.app.goo.gl\/KjTwEjodSStvM2zQ6\" class=\"sc_icons_item_link\" target=\"_blank\" rel=\"noopener\">\n                        <\/a><\/div><\/div><\/div><div class=\"trx_addons_column-1_3\"><div class=\"sc_icons_item sc_icons_item_linked with_more\"><div class=\"sc_icons_icon sc_icon_type_ icon-phone-call\" style=\"color: #F2E8E6\" ><span class=\"sc_icon_type_ icon-phone-call\" style=\"color: #F2E8E6\"><\/span><\/div><div class=\"sc_icons_item_details\"><h4 class=\"sc_icons_item_title\"><a href=\"tel:02125738294\">\n                                    Telephone                                    <\/a><\/h4><div class=\"sc_icons_item_description\"><span>0212 573 82 94<\/span><\/div><a href=\"tel:02125738294\" class=\"sc_icons_item_more_link\">\n                        <span class=\"link_text\">Search Now<\/span><span class=\"link_icon\"><\/span>\n                        <\/a><a href=\"tel:02125738294\"\n                        class=\"sc_icons_item_link\">\n                        <\/a><\/div><\/div><\/div><div class=\"trx_addons_column-1_3\"><div class=\"sc_icons_item sc_icons_item_linked with_more\"><div class=\"sc_icons_icon sc_icon_type_ icon-globe-light\" style=\"color: #F2E8E6\" ><span class=\"sc_icon_type_ icon-globe-light\" style=\"color: #F2E8E6\"><\/span><\/div><div class=\"sc_icons_item_details\"><h4 class=\"sc_icons_item_title\"><a href=\"#\">\n                                    Website                                    <\/a><\/h4><div class=\"sc_icons_item_description\"><span>-<\/span><\/div><a href=\"#\" class=\"sc_icons_item_more_link\">\n                        <span class=\"link_text\">Go to Site<\/span><span class=\"link_icon\"><\/span>\n                        <\/a><a href=\"#\"\n                        class=\"sc_icons_item_link\">\n                        <\/a><\/div><\/div><\/div><\/div><\/div><!-- \/.sc_icons -->\t\t<\/div>\n\t\t\t\t<\/div>\n\t\t\t\t\t\t<\/div>\n\t\t\t\t\t<\/div>\n\t\t<\/div>\n\t\t\t\t\t\t\t\t<\/div>\n\t\t\t\t\t<\/div>\n\t\t<\/section>\n\t\t\t\t\t\t<\/div>\n\t\t\t\t\t<\/div>\n\t\t<\/div>\n\t\t\t\t\t\t\t\t<\/div>\n\t\t\t\t\t<\/div>\n\t\t<\/section>\n\t\t\t\t\t\t\t\t\t<\/div>\n\t\t\t<\/div>\n\t\t\t\t\t<\/div>","protected":false},"excerpt":{"rendered":"<p>St. Stefanos Latin Catholic Church St. Stefanos was the first martyr of Christianity. In the fourth century, the Byzantine Empire brought the bones of St. Stephen from Palestine to Constantinople. The bones were then shipped to Italy. But today...<\/p>","protected":false},"author":1,"featured_media":23004,"parent":22909,"menu_order":0,"comment_status":"closed","ping_status":"closed","template":"","meta":{"om_disable_all_campaigns":false,"footnotes":"","_links_to":"","_links_to_target":""},"class_list":["post-22989","page","type-page","status-publish","has-post-thumbnail","hentry"],"_links":{"self":[{"href":"https:\/\/latinkatolikkilisesiistanbul.com\/en\/wp-json\/wp\/v2\/pages\/22989","targetHints":{"allow":["GET"]}}],"collection":[{"href":"https:\/\/latinkatolikkilisesiistanbul.com\/en\/wp-json\/wp\/v2\/pages"}],"about":[{"href":"https:\/\/latinkatolikkilisesiistanbul.com\/en\/wp-json\/wp\/v2\/types\/page"}],"author":[{"embeddable":true,"href":"https:\/\/latinkatolikkilisesiistanbul.com\/en\/wp-json\/wp\/v2\/users\/1"}],"replies":[{"embeddable":true,"href":"https:\/\/latinkatolikkilisesiistanbul.com\/en\/wp-json\/wp\/v2\/comments?post=22989"}],"version-history":[{"count":26,"href":"https:\/\/latinkatolikkilisesiistanbul.com\/en\/wp-json\/wp\/v2\/pages\/22989\/revisions"}],"predecessor-version":[{"id":24459,"href":"https:\/\/latinkatolikkilisesiistanbul.com\/en\/wp-json\/wp\/v2\/pages\/22989\/revisions\/24459"}],"up":[{"embeddable":true,"href":"https:\/\/latinkatolikkilisesiistanbul.com\/en\/wp-json\/wp\/v2\/pages\/22909"}],"wp:featuredmedia":[{"embeddable":true,"href":"https:\/\/latinkatolikkilisesiistanbul.com\/en\/wp-json\/wp\/v2\/media\/23004"}],"wp:attachment":[{"href":"https:\/\/latinkatolikkilisesiistanbul.com\/en\/wp-json\/wp\/v2\/media?parent=22989"}],"curies":[{"name":"wp","href":"https:\/\/api.w.org\/{rel}","templated":true}]}}