{"id":22976,"date":"2023-07-23T16:27:20","date_gmt":"2023-07-23T13:27:20","guid":{"rendered":"http:\/\/episkopos.mbegetter.com\/?page_id=22976"},"modified":"2024-03-22T16:51:42","modified_gmt":"2024-03-22T13:51:42","slug":"sen-piyer-sancti-pietro-e-paolo-in-galata","status":"publish","type":"page","link":"https:\/\/latinkatolikkilisesiistanbul.com\/en\/our-churches\/istanbul\/sen-piyer-sancti-pietro-e-paolo-in-galata\/","title":{"rendered":"Sen Piyer (Sancti Pietro e Paolo in Galata)"},"content":{"rendered":"<div data-elementor-type=\"wp-page\" data-elementor-id=\"22976\" class=\"elementor elementor-22976\">\n\t\t\t\t\t\t<div class=\"elementor-inner\">\n\t\t\t\t<div class=\"elementor-section-wrap\">\n\t\t\t\t\t\t\t\t\t<section class=\"elementor-section elementor-top-section elementor-element elementor-element-4431945e elementor-section-boxed elementor-section-height-default elementor-section-height-default sc_fly_static\" data-id=\"4431945e\" data-element_type=\"section\">\n\t\t\t\t\t\t<div class=\"elementor-container elementor-column-gap-extended\">\n\t\t\t\t\t\t\t<div class=\"elementor-row\">\n\t\t\t\t\t<div class=\"elementor-column elementor-col-50 elementor-top-column elementor-element elementor-element-3d475c3e sc_inner_width_none sc_content_align_inherit sc_layouts_column_icons_position_left sc_fly_static\" data-id=\"3d475c3e\" data-element_type=\"column\">\n\t\t\t<div class=\"elementor-column-wrap elementor-element-populated\">\n\t\t\t\t\t\t\t<div class=\"elementor-widget-wrap\">\n\t\t\t\t\t\t<div class=\"elementor-element elementor-element-5577fdc0 sc_fly_static elementor-widget elementor-widget-heading\" data-id=\"5577fdc0\" data-element_type=\"widget\" data-widget_type=\"heading.default\">\n\t\t\t\t<div class=\"elementor-widget-container\">\n\t\t\t<h2 class=\"elementor-heading-title elementor-size-default\">Sen Piyer (Sancti Pietro e Paolo in Galata) - Beyoglu<\/h2>\t\t<\/div>\n\t\t\t\t<\/div>\n\t\t\t\t<div class=\"elementor-element elementor-element-3633ac4c sc_fly_static elementor-widget elementor-widget-text-editor\" data-id=\"3633ac4c\" data-element_type=\"widget\" data-widget_type=\"text-editor.default\">\n\t\t\t\t<div class=\"elementor-widget-container\">\n\t\t\t\t\t\t\t\t<div class=\"elementor-text-editor elementor-clearfix\">\n\t\t\t\t<p>The Church is located in the Karak\u00f6y (formerly Galata) neighborhood of the Beyo\u011flu district of Istanbul. The Church, whose address is Galata Kulesi Sokak 44, Kuledibi, is open from 7 am to 5 pm Monday through Saturday and from 10:30 am to 12 pm on Sundays. To get to the Church of St. Peter and St. Paul, take the street named \"Galata Tower Street\" south of the Galata Tower. You can also reach the church by turning right from Attat\u00fcrk Bridge.<\/p><p>The church is led by Dominican priests. Masses are offered in Italian and Turkish.<\/p>\t\t\t\t\t<\/div>\n\t\t\t\t\t\t<\/div>\n\t\t\t\t<\/div>\n\t\t\t\t\t\t<\/div>\n\t\t\t\t\t<\/div>\n\t\t<\/div>\n\t\t\t\t<div class=\"elementor-column elementor-col-50 elementor-top-column elementor-element elementor-element-005da8a sc_layouts_hide_on_tablet sc_layouts_hide_on_mobile sc_inner_width_none sc_content_align_inherit sc_layouts_column_icons_position_left sc_fly_static\" data-id=\"005da8a\" data-element_type=\"column\">\n\t\t\t<div class=\"elementor-column-wrap elementor-element-populated\">\n\t\t\t\t\t\t\t<div class=\"elementor-widget-wrap\">\n\t\t\t\t\t\t<div class=\"elementor-element elementor-element-0e2767b sc_fly_static elementor-widget elementor-widget-heading\" data-id=\"0e2767b\" data-element_type=\"widget\" data-widget_type=\"heading.default\">\n\t\t\t\t<div class=\"elementor-widget-container\">\n\t\t\t<h2 class=\"elementor-heading-title elementor-size-default\">Mass Times<\/h2>\t\t<\/div>\n\t\t\t\t<\/div>\n\t\t\t\t<div class=\"elementor-element elementor-element-16a57e7 elementor-icon-list--layout-traditional elementor-list-item-link-full_width sc_fly_static elementor-widget elementor-widget-icon-list\" data-id=\"16a57e7\" data-element_type=\"widget\" data-widget_type=\"icon-list.default\">\n\t\t\t\t<div class=\"elementor-widget-container\">\n\t\t\t\t\t<ul class=\"elementor-icon-list-items\">\n\t\t\t\t\t\t\t<li class=\"elementor-icon-list-item\">\n\t\t\t\t\t\t\t\t\t\t\t<span class=\"elementor-icon-list-icon\">\n\t\t\t\t\t\t\t<i aria-hidden=\"true\" class=\"fas fa-clock\"><\/i>\t\t\t\t\t\t<\/span>\n\t\t\t\t\t\t\t\t\t\t<span class=\"elementor-icon-list-text\"><b>Monday-Friday<\/b><br> Turkish \/ Italian 8:00<\/span>\n\t\t\t\t\t\t\t\t\t<\/li>\n\t\t\t\t\t\t\t\t<li class=\"elementor-icon-list-item\">\n\t\t\t\t\t\t\t\t\t\t\t<span class=\"elementor-icon-list-icon\">\n\t\t\t\t\t\t\t<i aria-hidden=\"true\" class=\"fas fa-clock\"><\/i>\t\t\t\t\t\t<\/span>\n\t\t\t\t\t\t\t\t\t\t<span class=\"elementor-icon-list-text\"><b>Saturday:<\/b><br> Turkish 18:30<\/span>\n\t\t\t\t\t\t\t\t\t<\/li>\n\t\t\t\t\t\t<\/ul>\n\t\t\t\t<\/div>\n\t\t\t\t<\/div>\n\t\t\t\t\t\t<\/div>\n\t\t\t\t\t<\/div>\n\t\t<\/div>\n\t\t\t\t\t\t\t\t<\/div>\n\t\t\t\t\t<\/div>\n\t\t<\/section>\n\t\t\t\t<section class=\"elementor-section elementor-top-section elementor-element elementor-element-77a0877b elementor-section-boxed elementor-section-height-default elementor-section-height-default sc_fly_static\" data-id=\"77a0877b\" data-element_type=\"section\">\n\t\t\t\t\t\t<div class=\"elementor-container elementor-column-gap-extended\">\n\t\t\t\t\t\t\t<div class=\"elementor-row\">\n\t\t\t\t\t<div class=\"elementor-column elementor-col-100 elementor-top-column elementor-element elementor-element-559b6365 sc_inner_width_none sc_content_align_inherit sc_layouts_column_icons_position_left sc_fly_static\" data-id=\"559b6365\" data-element_type=\"column\">\n\t\t\t<div class=\"elementor-column-wrap elementor-element-populated\">\n\t\t\t\t\t\t\t<div class=\"elementor-widget-wrap\">\n\t\t\t\t\t\t<div class=\"elementor-element elementor-element-65816b11 gallery-spacing-custom sc_fly_static elementor-widget elementor-widget-image-gallery\" data-id=\"65816b11\" data-element_type=\"widget\" data-widget_type=\"image-gallery.default\">\n\t\t\t\t<div class=\"elementor-widget-container\">\n\t\t\t\t\t<div class=\"elementor-image-gallery\">\n\t\t\t<div id='gallery-1' class='gallery galleryid-22976 gallery-columns-4 gallery-size-trx_addons-thumb-avatar'><figure class='gallery-item'>\n\t\t\t<div class='gallery-icon landscape'>\n\t\t\t\t<a data-elementor-open-lightbox=\"yes\" data-elementor-lightbox-slideshow=\"65816b11\" data-elementor-lightbox-title=\"galata.senpiyer-700x460\" data-e-action-hash=\"#elementor-action%3Aaction%3Dlightbox%26settings%3DeyJpZCI6MjI5ODIsInVybCI6Imh0dHBzOlwvXC9sYXRpbmthdG9saWtraWxpc2VzaWlzdGFuYnVsLmNvbVwvd3AtY29udGVudFwvdXBsb2Fkc1wvMjAyM1wvMDdcL2dhbGF0YS5zZW5waXllci03MDB4NDYwLTEuanBnIiwic2xpZGVzaG93IjoiNjU4MTZiMTEifQ%3D%3D\" href='https:\/\/latinkatolikkilisesiistanbul.com\/wp-content\/uploads\/2023\/07\/galata.senpiyer-700x460-1.jpg'><img loading=\"lazy\" decoding=\"async\" width=\"370\" height=\"370\" src=\"https:\/\/latinkatolikkilisesiistanbul.com\/wp-content\/uploads\/2023\/07\/galata.senpiyer-700x460-1-370x370.jpg\" class=\"attachment-trx_addons-thumb-avatar size-trx_addons-thumb-avatar\" alt=\"\" srcset=\"https:\/\/latinkatolikkilisesiistanbul.com\/wp-content\/uploads\/2023\/07\/galata.senpiyer-700x460-1-370x370.jpg 370w, https:\/\/latinkatolikkilisesiistanbul.com\/wp-content\/uploads\/2023\/07\/galata.senpiyer-700x460-1-150x150.jpg 150w, https:\/\/latinkatolikkilisesiistanbul.com\/wp-content\/uploads\/2023\/07\/galata.senpiyer-700x460-1-120x120.jpg 120w\" sizes=\"auto, (max-width: 600px) 100vw, 370px\" \/><\/a>\n\t\t\t<\/div><\/figure><figure class='gallery-item'>\n\t\t\t<div class='gallery-icon landscape'>\n\t\t\t\t<a data-elementor-open-lightbox=\"yes\" data-elementor-lightbox-slideshow=\"65816b11\" data-elementor-lightbox-title=\"Saint-Pierre-Kilisesi-3\" data-e-action-hash=\"#elementor-action%3Aaction%3Dlightbox%26settings%3DeyJpZCI6MjI5NzksInVybCI6Imh0dHBzOlwvXC9sYXRpbmthdG9saWtraWxpc2VzaWlzdGFuYnVsLmNvbVwvd3AtY29udGVudFwvdXBsb2Fkc1wvMjAyM1wvMDdcL1NhaW50LVBpZXJyZS1LaWxpc2VzaS0zLmpwZyIsInNsaWRlc2hvdyI6IjY1ODE2YjExIn0%3D\" href='https:\/\/latinkatolikkilisesiistanbul.com\/wp-content\/uploads\/2023\/07\/Saint-Pierre-Kilisesi-3.jpg'><img loading=\"lazy\" decoding=\"async\" width=\"370\" height=\"370\" src=\"https:\/\/latinkatolikkilisesiistanbul.com\/wp-content\/uploads\/2023\/07\/Saint-Pierre-Kilisesi-3-370x370.jpg\" class=\"attachment-trx_addons-thumb-avatar size-trx_addons-thumb-avatar\" alt=\"\" srcset=\"https:\/\/latinkatolikkilisesiistanbul.com\/wp-content\/uploads\/2023\/07\/Saint-Pierre-Kilisesi-3-370x370.jpg 370w, https:\/\/latinkatolikkilisesiistanbul.com\/wp-content\/uploads\/2023\/07\/Saint-Pierre-Kilisesi-3-150x150.jpg 150w, https:\/\/latinkatolikkilisesiistanbul.com\/wp-content\/uploads\/2023\/07\/Saint-Pierre-Kilisesi-3-120x120.jpg 120w\" sizes=\"auto, (max-width: 600px) 100vw, 370px\" \/><\/a>\n\t\t\t<\/div><\/figure><figure class='gallery-item'>\n\t\t\t<div class='gallery-icon portrait'>\n\t\t\t\t<a data-elementor-open-lightbox=\"yes\" data-elementor-lightbox-slideshow=\"65816b11\" data-elementor-lightbox-title=\"sanpiyer2\" data-e-action-hash=\"#elementor-action%3Aaction%3Dlightbox%26settings%3DeyJpZCI6MjM4MjEsInVybCI6Imh0dHBzOlwvXC9sYXRpbmthdG9saWtraWxpc2VzaWlzdGFuYnVsLmNvbVwvd3AtY29udGVudFwvdXBsb2Fkc1wvMjAyM1wvMTJcL3NhbnBpeWVyMi5qcGVnIiwic2xpZGVzaG93IjoiNjU4MTZiMTEifQ%3D%3D\" href='https:\/\/latinkatolikkilisesiistanbul.com\/wp-content\/uploads\/2023\/12\/sanpiyer2.jpeg'><img loading=\"lazy\" decoding=\"async\" width=\"370\" height=\"370\" src=\"https:\/\/latinkatolikkilisesiistanbul.com\/wp-content\/uploads\/2023\/12\/sanpiyer2-370x370.jpeg\" class=\"attachment-trx_addons-thumb-avatar size-trx_addons-thumb-avatar\" alt=\"\" srcset=\"https:\/\/latinkatolikkilisesiistanbul.com\/wp-content\/uploads\/2023\/12\/sanpiyer2-370x370.jpeg 370w, https:\/\/latinkatolikkilisesiistanbul.com\/wp-content\/uploads\/2023\/12\/sanpiyer2-150x150.jpeg 150w, https:\/\/latinkatolikkilisesiistanbul.com\/wp-content\/uploads\/2023\/12\/sanpiyer2-120x120.jpeg 120w\" sizes=\"auto, (max-width: 600px) 100vw, 370px\" \/><\/a>\n\t\t\t<\/div><\/figure><figure class='gallery-item'>\n\t\t\t<div class='gallery-icon portrait'>\n\t\t\t\t<a data-elementor-open-lightbox=\"yes\" data-elementor-lightbox-slideshow=\"65816b11\" data-elementor-lightbox-title=\"Pietro e Paolo\" data-e-action-hash=\"#elementor-action%3Aaction%3Dlightbox%26settings%3DeyJpZCI6MjM4MjQsInVybCI6Imh0dHBzOlwvXC9sYXRpbmthdG9saWtraWxpc2VzaWlzdGFuYnVsLmNvbVwvd3AtY29udGVudFwvdXBsb2Fkc1wvMjAyM1wvMTJcL1BpZXRyby1lLVBhb2xvLmpwZyIsInNsaWRlc2hvdyI6IjY1ODE2YjExIn0%3D\" href='https:\/\/latinkatolikkilisesiistanbul.com\/wp-content\/uploads\/2023\/12\/Pietro-e-Paolo.jpg'><img loading=\"lazy\" decoding=\"async\" width=\"327\" height=\"370\" src=\"https:\/\/latinkatolikkilisesiistanbul.com\/wp-content\/uploads\/2023\/12\/Pietro-e-Paolo-327x370.jpg\" class=\"attachment-trx_addons-thumb-avatar size-trx_addons-thumb-avatar\" alt=\"\" \/><\/a>\n\t\t\t<\/div><\/figure><figure class='gallery-item'>\n\t\t\t<div class='gallery-icon portrait'>\n\t\t\t\t<a data-elementor-open-lightbox=\"yes\" data-elementor-lightbox-slideshow=\"65816b11\" data-elementor-lightbox-title=\"sanpiyerentrance\" data-e-action-hash=\"#elementor-action%3Aaction%3Dlightbox%26settings%3DeyJpZCI6MjM4MjMsInVybCI6Imh0dHBzOlwvXC9sYXRpbmthdG9saWtraWxpc2VzaWlzdGFuYnVsLmNvbVwvd3AtY29udGVudFwvdXBsb2Fkc1wvMjAyM1wvMTJcL3NhbnBpeWVyZW50cmFuY2UuanBnIiwic2xpZGVzaG93IjoiNjU4MTZiMTEifQ%3D%3D\" href='https:\/\/latinkatolikkilisesiistanbul.com\/wp-content\/uploads\/2023\/12\/sanpiyerentrance.jpg'><img loading=\"lazy\" decoding=\"async\" width=\"370\" height=\"370\" src=\"https:\/\/latinkatolikkilisesiistanbul.com\/wp-content\/uploads\/2023\/12\/sanpiyerentrance-370x370.jpg\" class=\"attachment-trx_addons-thumb-avatar size-trx_addons-thumb-avatar\" alt=\"\" srcset=\"https:\/\/latinkatolikkilisesiistanbul.com\/wp-content\/uploads\/2023\/12\/sanpiyerentrance-370x370.jpg 370w, https:\/\/latinkatolikkilisesiistanbul.com\/wp-content\/uploads\/2023\/12\/sanpiyerentrance-150x150.jpg 150w, https:\/\/latinkatolikkilisesiistanbul.com\/wp-content\/uploads\/2023\/12\/sanpiyerentrance-120x120.jpg 120w\" sizes=\"auto, (max-width: 600px) 100vw, 370px\" \/><\/a>\n\t\t\t<\/div><\/figure><figure class='gallery-item'>\n\t\t\t<div class='gallery-icon portrait'>\n\t\t\t\t<a data-elementor-open-lightbox=\"yes\" data-elementor-lightbox-slideshow=\"65816b11\" data-elementor-lightbox-title=\"Sen piyer\" data-e-action-hash=\"#elementor-action%3Aaction%3Dlightbox%26settings%3DeyJpZCI6MjM4MjAsInVybCI6Imh0dHBzOlwvXC9sYXRpbmthdG9saWtraWxpc2VzaWlzdGFuYnVsLmNvbVwvd3AtY29udGVudFwvdXBsb2Fkc1wvMjAyM1wvMTJcL1Nlbi1waXllci5qcGciLCJzbGlkZXNob3ciOiI2NTgxNmIxMSJ9\" href='https:\/\/latinkatolikkilisesiistanbul.com\/wp-content\/uploads\/2023\/12\/Sen-piyer.jpg'><img loading=\"lazy\" decoding=\"async\" width=\"370\" height=\"370\" src=\"https:\/\/latinkatolikkilisesiistanbul.com\/wp-content\/uploads\/2023\/12\/Sen-piyer-370x370.jpg\" class=\"attachment-trx_addons-thumb-avatar size-trx_addons-thumb-avatar\" alt=\"\" srcset=\"https:\/\/latinkatolikkilisesiistanbul.com\/wp-content\/uploads\/2023\/12\/Sen-piyer-370x370.jpg 370w, https:\/\/latinkatolikkilisesiistanbul.com\/wp-content\/uploads\/2023\/12\/Sen-piyer-150x150.jpg 150w, https:\/\/latinkatolikkilisesiistanbul.com\/wp-content\/uploads\/2023\/12\/Sen-piyer-120x120.jpg 120w\" sizes=\"auto, (max-width: 600px) 100vw, 370px\" \/><\/a>\n\t\t\t<\/div><\/figure>\n\t\t<\/div>\n\t\t<\/div>\n\t\t\t\t<\/div>\n\t\t\t\t<\/div>\n\t\t\t\t\t\t<\/div>\n\t\t\t\t\t<\/div>\n\t\t<\/div>\n\t\t\t\t\t\t\t\t<\/div>\n\t\t\t\t\t<\/div>\n\t\t<\/section>\n\t\t\t\t<section class=\"elementor-section elementor-top-section elementor-element elementor-element-2e13eeaf scheme_default elementor-section-boxed elementor-section-height-default elementor-section-height-default sc_fly_static\" data-id=\"2e13eeaf\" data-element_type=\"section\">\n\t\t\t\t\t\t<div class=\"elementor-container elementor-column-gap-extended\">\n\t\t\t\t\t\t\t<div class=\"elementor-row\">\n\t\t\t\t\t<div class=\"elementor-column elementor-col-100 elementor-top-column elementor-element elementor-element-6c1a338e sc_inner_width_none sc_content_align_inherit sc_layouts_column_icons_position_left sc_fly_static\" data-id=\"6c1a338e\" data-element_type=\"column\">\n\t\t\t<div class=\"elementor-column-wrap elementor-element-populated\">\n\t\t\t\t\t\t\t<div class=\"elementor-widget-wrap\">\n\t\t\t\t\t\t<section class=\"elementor-section elementor-inner-section elementor-element elementor-element-6e06f872 elementor-section-boxed elementor-section-height-default elementor-section-height-default sc_fly_static\" data-id=\"6e06f872\" data-element_type=\"section\">\n\t\t\t\t\t\t<div class=\"elementor-container elementor-column-gap-no\">\n\t\t\t\t\t\t\t<div class=\"elementor-row\">\n\t\t\t\t\t<div class=\"elementor-column elementor-col-100 elementor-inner-column elementor-element elementor-element-6e440801 sc_inner_width_none sc_content_align_inherit sc_layouts_column_icons_position_left sc_fly_static\" data-id=\"6e440801\" data-element_type=\"column\">\n\t\t\t<div class=\"elementor-column-wrap elementor-element-populated\">\n\t\t\t\t\t\t\t<div class=\"elementor-widget-wrap\">\n\t\t\t\t\t\t<div class=\"elementor-element elementor-element-2cff795f sc_fly_static elementor-widget elementor-widget-trx_sc_icons\" data-id=\"2cff795f\" data-element_type=\"widget\" data-widget_type=\"trx_sc_icons.default\">\n\t\t\t\t<div class=\"elementor-widget-container\">\n\t\t\t<div \tclass=\"sc_icons sc_icons_extra sc_icons_size_large sc_align_center\" ><div class=\"sc_icons_columns_wrap sc_item_columns trx_addons_columns_wrap columns_padding_bottom columns_in_single_row\" ><div class=\"trx_addons_column-1_3\"><div class=\"sc_icons_item sc_icons_item_linked with_more\"><div class=\"sc_icons_icon sc_icon_type_ icon-map\" style=\"color: #F2E8E6\" ><span class=\"sc_icon_type_ icon-map\" style=\"color: #F2E8E6\"><\/span><\/div><div class=\"sc_icons_item_details\"><h4 class=\"sc_icons_item_title\"><a href=\"https:\/\/maps.app.goo.gl\/ar5LKbx5ArnFzA926\" target=\"_blank\" rel=\"noopener\">\n                                    Address                                    <\/a><\/h4><div class=\"sc_icons_item_description\"><span>Kuledibi, Galata Tower Sok. No: 26 Bereketzade Mah. 34420 Karako\u00ff -Istanbul<\/span><\/div><a href=\"https:\/\/maps.app.goo.gl\/ar5LKbx5ArnFzA926\" class=\"sc_icons_item_more_link\" target=\"_blank\" rel=\"noopener\">\n                        <span class=\"link_text\">View Location<\/span><span class=\"link_icon\"><\/span>\n                        <\/a><a href=\"https:\/\/maps.app.goo.gl\/ar5LKbx5ArnFzA926\" class=\"sc_icons_item_link\" target=\"_blank\" rel=\"noopener\">\n                        <\/a><\/div><\/div><\/div><div class=\"trx_addons_column-1_3\"><div class=\"sc_icons_item sc_icons_item_linked with_more\"><div class=\"sc_icons_icon sc_icon_type_ icon-phone-call\" style=\"color: #F2E8E6\" ><span class=\"sc_icon_type_ icon-phone-call\" style=\"color: #F2E8E6\"><\/span><\/div><div class=\"sc_icons_item_details\"><h4 class=\"sc_icons_item_title\"><a href=\"tel:02122492385\">\n                                    Telephone                                    <\/a><\/h4><div class=\"sc_icons_item_description\"><span>0212 249 23 85<\/span><\/div><a href=\"tel:02122492385\" class=\"sc_icons_item_more_link\">\n                        <span class=\"link_text\">Search Now<\/span><span class=\"link_icon\"><\/span>\n                        <\/a><a href=\"tel:02122492385\"\n                        class=\"sc_icons_item_link\">\n                        <\/a><\/div><\/div><\/div><div class=\"trx_addons_column-1_3\"><div class=\"sc_icons_item sc_icons_item_linked with_more\"><div class=\"sc_icons_icon sc_icon_type_ icon-globe-light\" style=\"color: #F2E8E6\" ><span class=\"sc_icon_type_ icon-globe-light\" style=\"color: #F2E8E6\"><\/span><\/div><div class=\"sc_icons_item_details\"><h4 class=\"sc_icons_item_title\"><a href=\"http:\/\/senpiyer.org\" target=\"_blank\" rel=\"noopener\">\n                                    Website                                    <\/a><\/h4><div class=\"sc_icons_item_description\"><span>senpiyer.org <\/span><\/div><a href=\"http:\/\/senpiyer.org\" class=\"sc_icons_item_more_link\" target=\"_blank\" rel=\"noopener\">\n                        <span class=\"link_text\">Go to Site<\/span><span class=\"link_icon\"><\/span>\n                        <\/a><a href=\"http:\/\/senpiyer.org\" class=\"sc_icons_item_link\" target=\"_blank\" rel=\"noopener\">\n                        <\/a><\/div><\/div><\/div><\/div><\/div><!-- \/.sc_icons -->\t\t<\/div>\n\t\t\t\t<\/div>\n\t\t\t\t\t\t<\/div>\n\t\t\t\t\t<\/div>\n\t\t<\/div>\n\t\t\t\t\t\t\t\t<\/div>\n\t\t\t\t\t<\/div>\n\t\t<\/section>\n\t\t\t\t\t\t<\/div>\n\t\t\t\t\t<\/div>\n\t\t<\/div>\n\t\t\t\t\t\t\t\t<\/div>\n\t\t\t\t\t<\/div>\n\t\t<\/section>\n\t\t\t\t\t\t\t\t\t<\/div>\n\t\t\t<\/div>\n\t\t\t\t\t<\/div>","protected":false},"excerpt":{"rendered":"<p>Sen Piyer (Sancti Pietro e Paolo in Galata) - Beyo\u011flu The Church is located in the Karak\u00f6y (formerly Galata) neighborhood of the Beyo\u011flu district of Istanbul. The Church, whose address is Galata Tower Street 44, Kuledibi, is open...<\/p>","protected":false},"author":1,"featured_media":23822,"parent":22909,"menu_order":0,"comment_status":"closed","ping_status":"closed","template":"","meta":{"om_disable_all_campaigns":false,"footnotes":"","_links_to":"","_links_to_target":""},"class_list":["post-22976","page","type-page","status-publish","has-post-thumbnail","hentry"],"_links":{"self":[{"href":"https:\/\/latinkatolikkilisesiistanbul.com\/en\/wp-json\/wp\/v2\/pages\/22976","targetHints":{"allow":["GET"]}}],"collection":[{"href":"https:\/\/latinkatolikkilisesiistanbul.com\/en\/wp-json\/wp\/v2\/pages"}],"about":[{"href":"https:\/\/latinkatolikkilisesiistanbul.com\/en\/wp-json\/wp\/v2\/types\/page"}],"author":[{"embeddable":true,"href":"https:\/\/latinkatolikkilisesiistanbul.com\/en\/wp-json\/wp\/v2\/users\/1"}],"replies":[{"embeddable":true,"href":"https:\/\/latinkatolikkilisesiistanbul.com\/en\/wp-json\/wp\/v2\/comments?post=22976"}],"version-history":[{"count":30,"href":"https:\/\/latinkatolikkilisesiistanbul.com\/en\/wp-json\/wp\/v2\/pages\/22976\/revisions"}],"predecessor-version":[{"id":24450,"href":"https:\/\/latinkatolikkilisesiistanbul.com\/en\/wp-json\/wp\/v2\/pages\/22976\/revisions\/24450"}],"up":[{"embeddable":true,"href":"https:\/\/latinkatolikkilisesiistanbul.com\/en\/wp-json\/wp\/v2\/pages\/22909"}],"wp:featuredmedia":[{"embeddable":true,"href":"https:\/\/latinkatolikkilisesiistanbul.com\/en\/wp-json\/wp\/v2\/media\/23822"}],"wp:attachment":[{"href":"https:\/\/latinkatolikkilisesiistanbul.com\/en\/wp-json\/wp\/v2\/media?parent=22976"}],"curies":[{"name":"wp","href":"https:\/\/api.w.org\/{rel}","templated":true}]}}